{"id":272,"date":"2016-02-26T01:49:37","date_gmt":"2016-02-26T01:49:37","guid":{"rendered":"http:\/\/vi.vinaconexec.com\/?page_id=272"},"modified":"2019-01-15T09:02:04","modified_gmt":"2019-01-15T09:02:04","slug":"co-hoi-nghe-nghiep","status":"publish","type":"page","link":"https:\/\/vncnec.com.vn\/vi\/co-hoi-nghe-nghiep\/","title":{"rendered":"C\u01a1 h\u1ed9i ngh\u1ec1 nghi\u1ec7p"},"content":{"rendered":"<p>VNCN E&amp;C lu\u00f4n t\u00ecm ki\u1ebfm c\u00e1c \u1ee9ng vi\u00ean ti\u1ec1m n\u0103ng, nh\u1eefng c\u00e1 nh\u00e2n t\u1eadn t\u1ee5y, nhi\u1ec7t huy\u1ebft, trung th\u1ef1c trong c\u00f4ng vi\u1ec7c. Ch\u00fang t\u00f4i \u0111\u00e3 thu \u0111\u01b0\u1ee3c nh\u1eefng th\u00e0nh qu\u1ea3 to l\u1edbn khi k\u1ebft h\u1ee3p nh\u1eefng c\u00e1 nh\u00e2n \u01b0u vi\u1ec7t v\u00e0o th\u00e0nh c\u00e1c nh\u00f3m l\u00e0m vi\u1ec7c theo d\u1ef1 \u00e1n. Do \u0111\u00f3, ch\u00fang t\u00f4i quan t\u00e2m t\u1edbi s\u1ef1 th\u0103ng ti\u1ebfn trong c\u00f4ng vi\u1ec7c, ch\u00fa tr\u1ecdng \u0111\u1ebfn vi\u1ec7c gi\u1eef ng\u01b0\u1eddi l\u00e0m vi\u1ec7c \u1edf l\u1ea1i c\u00f4ng ty. \u0110\u1ec3 l\u00e0m \u0111\u01b0\u1ee3c \u0111i\u1ec1u n\u00e0y, Ch\u00fang t\u00f4i lu\u00f4n t\u00f4n tr\u1ecdng ng\u01b0\u1eddi lao \u0111\u1ed9ng, cung c\u1ea5p c\u00e1c c\u00f4ng c\u1ee5 c\u1ea7n thi\u1ebft \u0111\u1ec3 t\u1ea1o n\u00ean s\u1ef1 n\u1ed5i tr\u1ed9i trong c\u00f4ng vi\u1ec7c.<\/p>\n<p>Ph\u00e1t tri\u1ec3n ngu\u1ed3n nh\u00e2n l\u1ef1c lu\u00f4n l\u00e0 tr\u1ecdng t\u00e2m trong c\u00e1c chi\u1ebfn l\u01b0\u1ee3c ph\u00e1t tri\u1ec3n v\u00e0 h\u1ee3p t\u00e1c c\u1ee7a VNCN E&amp;C. V\u00e0 quan tr\u1ecdng h\u01a1n c\u1ea3, m\u1ed7i c\u00e1 nh\u00e2n c\u0169ng nh\u01b0 to\u00e0n b\u1ed9 t\u1eadp th\u1ec3 VNCN E&amp;C \u0111\u1ec1u c\u00f3 \u00fd th\u1ee9c c\u00f9ng chia s\u1ebb nh\u1eefng gi\u00e1 tr\u1ecb chung, \u0111o\u00e0n k\u1ebft ph\u1ea5n \u0111\u1ea5u ho\u00e0n th\u00e0nh m\u1ee5c ti\u00eau chung c\u1ee7a C\u00f4ng ty. Ch\u00fang t\u00f4i m\u1eddi b\u1ea1n gia nh\u1eadp c\u00f4ng ty ch\u00fang t\u00f4i \u0111\u1ec3 c\u00f9ng nhau hi\u1ec7n th\u1ef1c h\u00f3a nh\u1eefng gi\u00e1 tr\u1ecb n\u00e0y.<\/p>\n<p>N\u1ebfu b\u1ea1n c\u00f3 kinh nghi\u1ec7m, tr\u00ecnh \u0111\u1ed9 v\u00e0 \u0111\u01b0\u1ee3c \u0111\u00e0o t\u1ea1o th\u00edch h\u1ee3p, ch\u00fang t\u00f4i lu\u00f4n mong mu\u1ed1n \u0111\u01b0\u1ee3c t\u00ecm hi\u1ec3u th\u00eam v\u1ec1 b\u1ea1n.<\/p>\n","protected":false},"excerpt":{"rendered":"<p>VNCN E&amp;C lu\u00f4n t\u00ecm ki\u1ebfm c\u00e1c \u1ee9ng vi\u00ean ti\u1ec1m n\u0103ng, nh\u1eefng c\u00e1 nh\u00e2n t\u1eadn t\u1ee5y, nhi\u1ec7t huy\u1ebft, trung th\u1ef1c trong c\u00f4ng vi\u1ec7c. Ch\u00fang t\u00f4i \u0111\u00e3 thu \u0111\u01b0\u1ee3c nh\u1eefng th\u00e0nh qu\u1ea3 to l\u1edbn khi k\u1ebft h\u1ee3p nh\u1eefng c\u00e1 nh\u00e2n \u01b0u vi\u1ec7t v\u00e0o th\u00e0nh c\u00e1c nh\u00f3m l\u00e0m vi\u1ec7c theo d\u1ef1 \u00e1n. Do \u0111\u00f3, ch\u00fang t\u00f4i quan t\u00e2m [&hellip;]<\/p>\n","protected":false},"author":1,"featured_media":0,"parent":0,"menu_order":0,"comment_status":"closed","ping_status":"closed","template":"templates\/tuyendung.php","meta":{"footnotes":""},"class_list":["post-272","page","type-page","status-publish","hentry"],"_links":{"self":[{"href":"https:\/\/vncnec.com.vn\/vi\/wp-json\/wp\/v2\/pages\/272","targetHints":{"allow":["GET"]}}],"collection":[{"href":"https:\/\/vncnec.com.vn\/vi\/wp-json\/wp\/v2\/pages"}],"about":[{"href":"https:\/\/vncnec.com.vn\/vi\/wp-json\/wp\/v2\/types\/page"}],"author":[{"embeddable":true,"href":"https:\/\/vncnec.com.vn\/vi\/wp-json\/wp\/v2\/users\/1"}],"replies":[{"embeddable":true,"href":"https:\/\/vncnec.com.vn\/vi\/wp-json\/wp\/v2\/comments?post=272"}],"version-history":[{"count":4,"href":"https:\/\/vncnec.com.vn\/vi\/wp-json\/wp\/v2\/pages\/272\/revisions"}],"predecessor-version":[{"id":1360,"href":"https:\/\/vncnec.com.vn\/vi\/wp-json\/wp\/v2\/pages\/272\/revisions\/1360"}],"wp:attachment":[{"href":"https:\/\/vncnec.com.vn\/vi\/wp-json\/wp\/v2\/media?parent=272"}],"curies":[{"name":"wp","href":"https:\/\/api.w.org\/{rel}","templated":true}]}}