{"id":264,"date":"2016-02-26T01:34:46","date_gmt":"2016-02-26T01:34:46","guid":{"rendered":"http:\/\/vi.vinaconexec.com\/?page_id=264"},"modified":"2019-01-15T07:40:50","modified_gmt":"2019-01-15T07:40:50","slug":"xay-dung-dan-dung-va-cong-nghiep","status":"publish","type":"page","link":"https:\/\/vncnec.com.vn\/vi\/xay-dung-dan-dung-va-cong-nghiep\/","title":{"rendered":"X\u00c2Y D\u1ef0NG D\u00c2N D\u1ee4NG V\u00c0 C\u00d4NG NGHI\u1ec6P"},"content":{"rendered":"<p><strong>KI\u1ebeN TR\u00daC V\u00c0 X\u00c2Y D\u1ef0NG:<\/strong><\/p>\n<p>VNCN E&amp;C \u1ee9ng d\u1ee5ng c\u00f4ng c\u1ee5 khoa h\u1ecdc, k\u1ef9 thu\u1eadt v\u00e0 m\u1ef9 thu\u1eadt trong thi c\u00f4ng x\u00e2y d\u1ef1ng c\u00e1c d\u1ef1 \u00e1n. V\u1edbi h\u00e0ng tri\u1ec7u gi\u1edd mi\u1ec7t m\u00e0i lao \u0111\u1ed9ng, trong \u0111\u00f3 lu\u00f4n \u01b0u ti\u00ean v\u00e0 t\u1eadp trung t\u1ed1i \u0111a cho an to\u00e0n, ch\u1ea5t l\u01b0\u1ee3ng v\u00e0 ti\u1ebfn \u0111\u1ed9 c\u1ee7a d\u1ef1 \u00e1n, ch\u00fang t\u00f4i \u0111\u00e3 ho\u00e0n th\u00e0nh xu\u1ea5t s\u1eafc nhi\u1ec1u d\u1ef1 \u00e1n c\u00f3 quy m\u00f4 v\u00e0 th\u1ec3 lo\u1ea1i kh\u00e1c nhau.<\/p>\n<p><strong>X\u00c2Y D\u1ef0NG NH\u00c0 M\u00c1Y C\u00d4NG NGHI\u1ec6P:<\/strong><\/p>\n<p>VNCN E&amp;C \u0111\u00e3 thi c\u00f4ng v\u00e0 ho\u00e0n th\u00e0nh h\u00e0ng lo\u1ea1t c\u00e1c nh\u00e0 m\u00e1y quy m\u00f4 nh\u1ecf, trung b\u00ecnh, l\u1edbn trong c\u00e1c l\u0129nh v\u1ef1c th\u00e9p, h\u00f3a ch\u1ea5t, l\u1ecdc d\u1ea7u, \u0111i\u1ec7n t\u1eed, xi m\u0103ng, x\u1eed l\u00fd n\u01b0\u1edbc th\u1ea3i, nhi\u1ec7t \u0111i\u1ec7n, th\u1ef1c ph\u1ea9m\u2026<\/p>\n<p>Th\u00f4ng qua vi\u1ec7c k\u1ebft h\u1ee3p \u1ee9ng d\u1ee5ng c\u00f4ng ngh\u1ec7 v\u1edbi kinh nghi\u1ec7m v\u00e0 tr\u00ecnh \u0111\u1ed9 chuy\u00ean m\u00f4n \u0111\u00e3 \u0111\u01b0\u1ee3c t\u00edch l\u0169y t\u1eeb x\u00e2y d\u1ef1ng truy\u1ec1n th\u1ed1ng v\u00e0o thi c\u00f4ng, c\u00e1c c\u00f4ng tr\u00ecnh \u0111\u01b0\u1ee3c VNCN E&amp;C th\u1ef1c hi\u1ec7n \u0111\u1ec1u r\u1ea5t b\u1ec1n v\u1eefng, c\u00f4ng su\u1ea5t cao, ti\u1ebft ki\u1ec7m chi ph\u00ed, n\u0103ng l\u01b0\u1ee3ng ho\u1ea1t \u0111\u1ed9ng v\u00e0 th\u00e2n thi\u1ec7n v\u1edbi m\u00f4i tr\u01b0\u1eddng.<\/p>\n","protected":false},"excerpt":{"rendered":"<p>KI\u1ebeN TR\u00daC V\u00c0 X\u00c2Y D\u1ef0NG: VNCN E&amp;C \u1ee9ng d\u1ee5ng c\u00f4ng c\u1ee5 khoa h\u1ecdc, k\u1ef9 thu\u1eadt v\u00e0 m\u1ef9 thu\u1eadt trong thi c\u00f4ng x\u00e2y d\u1ef1ng c\u00e1c d\u1ef1 \u00e1n. V\u1edbi h\u00e0ng tri\u1ec7u gi\u1edd mi\u1ec7t m\u00e0i lao \u0111\u1ed9ng, trong \u0111\u00f3 lu\u00f4n \u01b0u ti\u00ean v\u00e0 t\u1eadp trung t\u1ed1i \u0111a cho an to\u00e0n, ch\u1ea5t l\u01b0\u1ee3ng v\u00e0 ti\u1ebfn \u0111\u1ed9 c\u1ee7a d\u1ef1 \u00e1n, [&hellip;]<\/p>\n","protected":false},"author":1,"featured_media":0,"parent":0,"menu_order":0,"comment_status":"closed","ping_status":"closed","template":"templates\/dichvu.php","meta":{"footnotes":""},"class_list":["post-264","page","type-page","status-publish","hentry"],"_links":{"self":[{"href":"https:\/\/vncnec.com.vn\/vi\/wp-json\/wp\/v2\/pages\/264","targetHints":{"allow":["GET"]}}],"collection":[{"href":"https:\/\/vncnec.com.vn\/vi\/wp-json\/wp\/v2\/pages"}],"about":[{"href":"https:\/\/vncnec.com.vn\/vi\/wp-json\/wp\/v2\/types\/page"}],"author":[{"embeddable":true,"href":"https:\/\/vncnec.com.vn\/vi\/wp-json\/wp\/v2\/users\/1"}],"replies":[{"embeddable":true,"href":"https:\/\/vncnec.com.vn\/vi\/wp-json\/wp\/v2\/comments?post=264"}],"version-history":[{"count":6,"href":"https:\/\/vncnec.com.vn\/vi\/wp-json\/wp\/v2\/pages\/264\/revisions"}],"predecessor-version":[{"id":1350,"href":"https:\/\/vncnec.com.vn\/vi\/wp-json\/wp\/v2\/pages\/264\/revisions\/1350"}],"wp:attachment":[{"href":"https:\/\/vncnec.com.vn\/vi\/wp-json\/wp\/v2\/media?parent=264"}],"curies":[{"name":"wp","href":"https:\/\/api.w.org\/{rel}","templated":true}]}}