{"id":226,"date":"2016-02-25T02:03:43","date_gmt":"2016-02-25T02:03:43","guid":{"rendered":"http:\/\/vi.vinaconexec.com\/?page_id=226"},"modified":"2019-01-15T08:51:19","modified_gmt":"2019-01-15T08:51:19","slug":"trach-nhiem-xa-hoi","status":"publish","type":"page","link":"https:\/\/vncnec.com.vn\/vi\/trach-nhiem-xa-hoi\/","title":{"rendered":"Tr\u00e1ch nhi\u1ec7m x\u00e3 h\u1ed9i"},"content":{"rendered":"<p><strong>TR\u00c1CH NHI\u1ec6M \u0110\u1ed0I V\u1edaI C\u1ed8NG \u0110\u1ed2NG:<\/strong><\/p>\n<p>Tr\u00e1ch nhi\u1ec7m c\u1ee7a Doanh nghi\u1ec7p \u0111\u1ed1i v\u1edbi C\u1ed9ng \u0111\u1ed3ng l\u00e0 s\u1ef1 ph\u1ea3n \u1ee9ng c\u1ee7a ho\u1ea1t \u0111\u1ed9ng kinh doanh \u0111\u1ed1i v\u1edbi th\u00e1ch th\u1ee9c ph\u00e1t tri\u1ec3n b\u1ec1n v\u1eefng v\u00e0 c\u00e1ch th\u1ee9c theo \u0111\u00f3 n\u00f3 \u0111i\u1ec1u ph\u1ed1i c\u00e1c qu\u00e1 tr\u00ecnh c\u1ee7a m\u00ecnh \u0111\u1ec3 t\u1ea1o ra nh\u1eefng \u1ea3nh h\u01b0\u1edfng t\u00edch c\u1ef1c chung l\u00ean ng\u01b0\u1eddi lao \u0111\u1ed9ng v\u00e0 gia \u0111\u00ecnh h\u1ecd, c\u0169ng nh\u01b0 \u0111\u1ed1i v\u1edbi c\u1ed9ng \u0111\u1ed3ng \u0111\u1ecba ph\u01b0\u01a1ng v\u00e0 r\u1ed9ng l\u1edbn h\u01a1n l\u00e0 c\u1ea3 x\u00e3 h\u1ed9i. Trong l\u0129nh v\u1ef1c x\u00e2y d\u1ef1ng c\u1ee7a m\u00ecnh, ch\u00fang t\u00f4i lu\u00f4n n\u1ed7 l\u1ef1c \u0111\u1ec3 tr\u1edf th\u00e0nh m\u1ed9t \u0111\u1ed1i t\u00e1c kinh doanh \u0111\u00e1ng tin c\u1eady, m\u1ed9t ch\u1ee7 doanh nghi\u1ec7p c\u00f4ng b\u1eb1ng, m\u1ed9t doanh nghi\u1ec7p-c\u00e1 nh\u00e2n m\u1eabu m\u1ef1c.<\/p>\n<p>M\u1ed1i quan h\u1ec7 m\u1eadt thi\u1ebft v\u1edbi c\u00e1c \u0111\u1ed1i t\u00e1c ch\u00ednh l\u00e0 c\u01a1 s\u1edf \u0111\u1ec3 ch\u00fang t\u00f4i x\u00e2y d\u1ef1ng c\u00f4ng ty v\u00e0 c\u1ee7ng c\u1ed1 th\u00eam t\u00f4n ch\u1ec9 ho\u1ea1t \u0111\u1ed9ng m\u00e0 c\u00f4ng ty ch\u00fang t\u00f4i theo \u0111u\u1ed5i. Doanh nghi\u1ec7p ch\u00fang t\u00f4i c\u00f3 th\u1ec3 ph\u00e1t tri\u1ec3n b\u1ec1n v\u1eefng v\u1ec1 d\u00e0i h\u1ea1n hay kh\u00f4ng, ph\u1ee5 thu\u1ed9c ph\u1ea7n l\u1edbn v\u00e0o vi\u1ec7c ch\u00fang t\u00f4i l\u00e0m vi\u1ec7c v\u1edbi c\u00e1c \u0111\u1ed1i t\u00e1c c\u00f3 hi\u1ec7u qu\u1ea3 v\u00e0 \u0111\u00e1p \u1ee9ng \u0111\u1ea7y \u0111\u1ee7 nhu c\u1ea7u c\u1ee7a h\u1ecd hay kh\u00f4ng. \u0110\u1ed1i t\u00e1c c\u1ee7a ch\u00fang t\u00f4i c\u00f3 th\u1ec3 l\u00e0 ch\u1ee7 \u0111\u1ea7u t\u01b0, l\u00e0 nh\u00e2n vi\u00ean, l\u00e0 nh\u00e0 cung c\u1ea5p, l\u00e0 kh\u00e1ch thu\u00ea, nh\u00e0 \u0111\u1ea7u t\u01b0, th\u1eadm ch\u00ed l\u00e0 c\u00e1c t\u1ed5 ch\u1ee9c phi ch\u00ednh ph\u1ee7,\u00a0 ch\u00ednh ph\u1ee7 ho\u1eb7c l\u00e0 to\u00e0n x\u00e3 h\u1ed9i.<\/p>\n<p>C\u00e1c ho\u1ea1t \u0111\u1ed9ng s\u1ea3n xu\u1ea5t kinh doanh c\u1ee7a ch\u00fang t\u00f4i \u0111\u1ec1u c\u00f3 t\u00e1c \u0111\u1ed9ng tr\u1ef1c ti\u1ebfp ho\u1eb7c gi\u00e1n ti\u1ebfp \u0111\u1ebfn m\u00f4i tr\u01b0\u1eddng t\u1ef1 nhi\u00ean, x\u00e3 h\u1ed9i v\u00e0 kinh t\u1ebf v\u00e0 c\u1ea3 con ng\u01b0\u1eddi; tr\u1ef1c ti\u1ebfp trong c\u00e1ch ch\u00fang t\u00f4i thi c\u00f4ng c\u00e1c d\u1ef1 \u00e1n x\u00e2y d\u1ef1ng, v\u00e0 gi\u00e1n ti\u1ebfp trong c\u00e1c ho\u1ea1t \u0111\u1ed9ng t\u01b0 v\u1ea5n ch\u00fang t\u00f4i cung c\u1ea5p cho kh\u00e1ch h\u00e0ng. Ch\u00fang t\u00f4i cam k\u1ebft kh\u00f4ng ng\u1eebng \u00e1p d\u1ee5ng khoa h\u1ecdc k\u1ef9 thu\u1eadt ti\u00ean ti\u1ebfn, ph\u00e1t huy s\u00e1ng ki\u1ebfn c\u1ea3i ti\u1ebfn k\u1ef9 thu\u1eadt, s\u1eed d\u1ee5ng ti\u1ebft ki\u1ec7m c\u00e1c ngu\u1ed3n t\u00e0i nguy\u00ean thi\u00ean nhi\u00ean, ng\u0103n ng\u1eeba \u00f4 nhi\u1ec5m m\u00f4i tr\u01b0\u1eddng, t\u1ea1o m\u00f4i tr\u01b0\u1eddng l\u00e0m vi\u1ec7c an to\u00e0n, ph\u00f2ng tr\u00e1nh m\u1ecdi r\u1ee7i ro v\u1ec1 an to\u00e0n, s\u1ee9c kh\u1ecfe ngh\u1ec1 nghi\u1ec7p cho c\u00e1n b\u1ed9 nh\u00e2n vi\u00ean v\u00e0 c\u00e1c b\u00ean li\u00ean quan.<\/p>\n<p>V\u1edbi t\u01b0 c\u00e1ch l\u00e0 m\u1ed9t ng\u01b0\u1eddi s\u1eed d\u1ee5ng lao \u0111\u1ed9ng v\u00e0 l\u00e0 m\u1ed9t nh\u00e0 th\u1ea7u x\u00e2y d\u1ef1ng chuy\u00ean nghi\u1ec7p, ch\u00fang t\u00f4i cam k\u1ebft th\u1ef1c hi\u1ec7n \u0111\u1ea7y \u0111\u1ee7 tr\u00e1ch nhi\u1ec7m x\u00e3 h\u1ed9i \u0111\u1ed1i v\u1edbi ng\u01b0\u1eddi lao \u0111\u1ed9ng, coi h\u1ecd l\u00e0 ngu\u1ed3n l\u1ef1c qu\u00fd b\u00e1u nh\u1ea5t cho s\u1ef1 ph\u00e1t tri\u1ec3n v\u00e0 th\u1ecbnh v\u01b0\u1ee3ng c\u1ee7a c\u00f4ng ty.<\/p>\n<p>Theo \u0111\u00f3, VNCN E&amp;C cam k\u1ebft ho\u1ea1t \u0111\u1ed9ng theo c\u00e1c nguy\u00ean t\u1eafc sau \u0111\u00e2y:<\/p>\n<ul>\n<li>\u0110\u1ea3m b\u1ea3o t\u00ednh b\u1ec1n v\u1eefng<\/li>\n<li>\u0110\u1ea3m b\u1ea3o th\u1ef1c hi\u1ec7n m\u1ee5c ti\u00eau x\u00e3 h\u1ed9i &amp; c\u1ed9ng \u0111\u1ed3ng<\/li>\n<li>\u0110\u1ea3m b\u1ea3o ho\u1ea1t \u0111\u1ed9ng v\u00ec \u0111\u1ed1i t\u00e1c v\u00e0 v\u00ec m\u1ed1i quan h\u1ec7 kinh doanh l\u00e2u d\u00e0i<\/li>\n<li>\u0110\u1ea3m b\u1ea3o t\u00ednh gi\u00e1 tr\u1ecb gia t\u0103ng l\u1ee3i \u00edch cho ng\u01b0\u1eddi lao \u0111\u1ed9ng<\/li>\n<\/ul>\n<p>C\u00e1c ho\u1ea1t \u0111\u1ed9ng \u0111\u01b0\u1ee3c ch\u00fa tr\u1ecdng v\u00e0 duy tr\u00ec<\/p>\n<ul>\n<li>K\u1ebft h\u1ee3p ch\u1eb7t ch\u1ebd v\u1edbi kh\u00e1ch h\u00e0ng \u0111\u1ec3 gi\u00e1m s\u00e1t, th\u00fac \u0111\u1ea9y v\u00e0 ph\u00e1t tri\u1ec3n kinh doanh b\u1ec1n v\u1eefng.<\/li>\n<li>Thi\u1ebft l\u1eadp chi\u1ebfn l\u01b0\u1ee3c v\u00e0 th\u1ee7 t\u1ee5c b\u00e1o c\u00e1o nh\u1eb1m li\u00ean t\u1ee5c gi\u1eef v\u1eefng v\u00e0 ho\u00e0n thi\u1ec7n ch\u1ea5t l\u01b0\u1ee3ng ph\u1ee5c v\u1ee5<\/li>\n<li>Li\u00ean t\u1ee5c c\u1eadp nh\u1eadt v\u00e0 \u00e1p d\u1ee5ng c\u00e1c quy chu\u1ea9n HSE \u0111\u1ea3m b\u1ea3o m\u00f4i tr\u01b0\u1eddng lao \u0111\u1ed9ng \u0111\u1ea1t chu\u1ea9n v\u00e0 b\u1ec1n v\u1eefng.<\/li>\n<li>Lu\u00f4n h\u1ee3p t\u00e1c v\u1edbi c\u00e1c nh\u00e0 cung c\u1ea5p v\u00e0 c\u00e1c \u0111\u1ed1i t\u00e1c kinh doanh theo h\u01b0\u1edbng x\u00e2y d\u1ef1ng m\u1ed9t c\u1ed9ng \u0111\u1ed3ng doanh nghi\u1ec7p ho\u1ea1t \u0111\u1ed9ng v\u00ec m\u1ed9t x\u00e3 h\u1ed9i b\u1ec1n v\u1eefng v\u00e0 ph\u00e1t tri\u1ec3n h\u01a1n.<\/li>\n<\/ul>\n<ul>\n<li>B\u1eb1ng c\u00e1ch trao t\u1eb7ng h\u1ecdc b\u1ed5ng cho c\u00e1c sinh vi\u00ean xu\u1ea5t s\u1eafc t\u1ea1i tr\u01b0\u1eddng \u0111\u1ea1i h\u1ecdc chuy\u00ean ng\u00e0nh, ch\u00fang t\u00f4i mong mu\u1ed1n c\u00e1c sinh vi\u00ean s\u1ebd c\u00f3 \u0111i\u1ec1u ki\u1ec7n thu\u1eadn l\u1ee3i h\u01a1n \u0111\u1ec3 nu\u00f4i d\u01b0\u1ee1ng kh\u00e1t v\u1ecdng v\u00e0 ph\u00e1t tri\u1ec3n n\u0103ng l\u1ef1c c\u00e1 nh\u00e2n.<\/li>\n<li>Ch\u00fang t\u00f4i lu\u00f4n k\u00eau g\u1ecdi v\u00e0 khuy\u1ebfn kh\u00edch nh\u00e2n vi\u00ean tham gia v\u00e0o c\u00e1c c\u00f4ng t\u00e1c x\u00e3 h\u1ed9i v\u00e0 c\u00e1c ho\u1ea1t \u0111\u1ed9ng t\u1eeb thi\u1ec7n.<\/li>\n<li>Ch\u00fang t\u00f4i s\u1eb5n s\u00e0ng d\u00e0nh th\u1eddi gian v\u00e0 chi ph\u00ed \u0111\u1ec3 tr\u1ef1c ti\u1ebfp h\u1ed7 tr\u1ee3 c\u00e1c c\u00f4ng t\u00e1c thi\u1ec7n nguy\u1ec7n, nh\u00e2n \u0111\u1ea1o c\u00f3 \u00fd ngh\u0129a.<\/li>\n<li>Ch\u00fang t\u00f4i mong mu\u1ed1n x\u00e2y d\u1ef1ng c\u00e1c m\u1ed1i quan h\u1ec7 l\u00e2u d\u00e0i v\u00e0 tin t\u01b0\u1edfng v\u1edbi c\u00e1c nh\u00e0 cung c\u1ea5p t\u1ea1i \u0111\u1ecba ph\u01b0\u01a1ng n\u01a1i ch\u00fang t\u00f4i th\u1ef1c hi\u1ec7n d\u1ef1 \u00e1n.<\/li>\n<\/ul>\n<ul>\n<li>Coi nh\u00e2n l\u1ef1c l\u00e0 n\u1ec1n t\u1ea3ng ph\u00e1t tri\u1ec3n kinh doanh v\u00e0 lu\u00f4n khuy\u1ebfn kh\u00edch nh\u00e2n vi\u00ean kh\u00f4ng ng\u1eebng h\u1ecdc t\u1eadp, r\u00e8n luy\u1ec7n. Doanh nghi\u1ec7p ch\u00fang t\u00f4i k\u00eau g\u1ecdi c\u00e1c \u0111\u1ed1i t\u00e1c ti\u1ebfp thu v\u00e0 h\u1ecdc t\u1eadp n\u00e9t v\u0103n h\u00f3a \u0111\u1eb7c bi\u1ec7t n\u00e0y<\/li>\n<li>T\u00f4n tr\u1ecdng nh\u00e2n vi\u00ean v\u00e0 t\u1ea1o \u0111i\u1ec1u ki\u1ec7n cho h\u1ecd ph\u00e1t tri\u1ec3n ho\u00e0n thi\u1ec7n k\u0129 n\u0103ng.<\/li>\n<li>Ghi nh\u1eadn nh\u1eefng \u0111\u00f3ng g\u00f3p v\u00e0 \u00e1p d\u1ee5ng ch\u1ebf \u0111\u1ed9 th\u01b0\u1edfng ph\u1ea1t c\u00f4ng b\u1eb1ng gi\u1eefa c\u00e1c c\u00e1 nh\u00e2n<\/li>\n<li>Ch\u00fang t\u00f4i khuy\u1ebfn kh\u00edch s\u1ef1 b\u00ecnh \u0111\u1eb3ng v\u00e0 \u0111a d\u1ea1ng trong \u0111\u1ed9i ng\u0169 nh\u00e2n vi\u00ean. Ch\u00fang t\u00f4i lu\u00f4n quan t\u00e2m \u0111\u1ebfn s\u1ee9c kh\u1ecfe, h\u1ea1nh ph\u00fac c\u1ee7a nh\u00e2n vi\u00ean, t\u1ea1o \u0111i\u1ec1u ki\u1ec7n cho nh\u00e2n vi\u00ean \u0111\u1ea1t \u0111\u01b0\u1ee3c s\u1ef1 c\u00e2n b\u1eb1ng gi\u1eefa c\u00f4ng vi\u1ec7c v\u00e0 cu\u1ed9c s\u1ed1ng.<\/li>\n<li>Lu\u00f4n th\u1ef1c hi\u1ec7n \u0111\u1ea7y \u0111\u1ee7 k\u1ecbp th\u1eddi c\u00e1c ch\u1ebf \u0111\u1ed9 kh\u00e1m s\u1ee9c kh\u1ecfe, ngh\u1ec9 \u1ed1m, ngh\u1ec9 thai s\u1ea3n, ngh\u1ec9 ch\u0103m s\u00f3c gia \u0111\u00ecnh c\u1ee7a c\u00e1n b\u1ed9.<\/li>\n<li>\u0110\u1ec1 ra v\u00e0 th\u1ef1c hi\u1ec7n c\u00e1c ch\u00ednh s\u00e1ch mang t\u00ednh ch\u1ea5t ph\u00fac l\u1ee3i c\u00f4ng vi\u1ec7c \u0111\u1ed1i v\u1edbi ng\u01b0\u1eddi lao \u0111\u1ed9ng m\u1ed9t c\u00e1ch nghi\u00eam t\u00fac, nh\u1ea5t qu\u00e1n nh\u01b0 Ch\u00ednh s\u00e1ch l\u01b0\u01a1ng th\u01b0\u1edfng, ph\u00e2n ph\u1ed1i thu nh\u1eadp cho CBCNV C\u00f4ng ty, Ch\u00ednh s\u00e1ch b\u1ed5 nhi\u1ec7m c\u00e1n b\u1ed9, Ch\u00ednh s\u00e1ch \u0111\u00e0o t\u1ea1o, Ch\u00ednh s\u00e1ch c\u1ed5 t\u1ee9c, vv\u2026<\/li>\n<\/ul>\n","protected":false},"excerpt":{"rendered":"<p>TR\u00c1CH NHI\u1ec6M \u0110\u1ed0I V\u1edaI C\u1ed8NG \u0110\u1ed2NG: Tr\u00e1ch nhi\u1ec7m c\u1ee7a Doanh nghi\u1ec7p \u0111\u1ed1i v\u1edbi C\u1ed9ng \u0111\u1ed3ng l\u00e0 s\u1ef1 ph\u1ea3n \u1ee9ng c\u1ee7a ho\u1ea1t \u0111\u1ed9ng kinh doanh \u0111\u1ed1i v\u1edbi th\u00e1ch th\u1ee9c ph\u00e1t tri\u1ec3n b\u1ec1n v\u1eefng v\u00e0 c\u00e1ch th\u1ee9c theo \u0111\u00f3 n\u00f3 \u0111i\u1ec1u ph\u1ed1i c\u00e1c qu\u00e1 tr\u00ecnh c\u1ee7a m\u00ecnh \u0111\u1ec3 t\u1ea1o ra nh\u1eefng \u1ea3nh h\u01b0\u1edfng t\u00edch c\u1ef1c chung l\u00ean [&hellip;]<\/p>\n","protected":false},"author":1,"featured_media":0,"parent":0,"menu_order":0,"comment_status":"closed","ping_status":"closed","template":"templates\/vanhoa.php","meta":{"footnotes":""},"class_list":["post-226","page","type-page","status-publish","hentry"],"_links":{"self":[{"href":"https:\/\/vncnec.com.vn\/vi\/wp-json\/wp\/v2\/pages\/226","targetHints":{"allow":["GET"]}}],"collection":[{"href":"https:\/\/vncnec.com.vn\/vi\/wp-json\/wp\/v2\/pages"}],"about":[{"href":"https:\/\/vncnec.com.vn\/vi\/wp-json\/wp\/v2\/types\/page"}],"author":[{"embeddable":true,"href":"https:\/\/vncnec.com.vn\/vi\/wp-json\/wp\/v2\/users\/1"}],"replies":[{"embeddable":true,"href":"https:\/\/vncnec.com.vn\/vi\/wp-json\/wp\/v2\/comments?post=226"}],"version-history":[{"count":8,"href":"https:\/\/vncnec.com.vn\/vi\/wp-json\/wp\/v2\/pages\/226\/revisions"}],"predecessor-version":[{"id":1358,"href":"https:\/\/vncnec.com.vn\/vi\/wp-json\/wp\/v2\/pages\/226\/revisions\/1358"}],"wp:attachment":[{"href":"https:\/\/vncnec.com.vn\/vi\/wp-json\/wp\/v2\/media?parent=226"}],"curies":[{"name":"wp","href":"https:\/\/api.w.org\/{rel}","templated":true}]}}