{"id":21,"date":"2016-02-19T06:19:51","date_gmt":"2016-02-19T06:19:51","guid":{"rendered":"http:\/\/vi.vinaconexec.com\/?page_id=21"},"modified":"2016-02-19T06:22:58","modified_gmt":"2016-02-19T06:22:58","slug":"gioi-thieu-doanh-nghiep","status":"publish","type":"page","link":"https:\/\/vncnec.com.vn\/vi\/gioi-thieu-doanh-nghiep\/","title":{"rendered":"Gi\u1edbi thi\u1ec7u doanh nghi\u1ec7p"},"content":{"rendered":"<div id=\"col_right_field\">\n<div class=\"kgs_title_news_index\" style=\"padding: 0 0 16px 12px;\"><\/div>\n<div class=\"cold_new_detail\">\n<div id=\"kgs_pro_detail\">\n<div class=\"clearfix\">\n<div class=\"stdo_nd_field\">\n<table style=\"border-collapse: collapse;\" border=\"0\" width=\"648\" cellspacing=\"0\" cellpadding=\"0\">\n<colgroup>\n<col style=\"width: 137pt;\" width=\"182\" \/>\n<col style=\"width: 362pt;\" width=\"482\" \/><\/colgroup>\n<tbody>\n<tr style=\"height: 24.95pt;\">\n<td class=\"xl1255\" style=\"background-color: silver; width: 137pt; height: 24.95pt; border: windowtext 0.5pt solid;\" align=\"left\" width=\"182\" height=\"33\"><span style=\"font-family: Arial; font-size: small;\"><a name=\"RANGE!A4:B19\"><\/a><strong><span style=\"color: #003300;\">Th\u00f4ng tin chung<\/span><\/strong><\/span><\/td>\n<td class=\"xl1256\" style=\"border-bottom: windowtext 0.5pt solid; background-color: silver; width: 362pt; border-left-color: windowtext; border-top: windowtext 0.5pt solid; border-right: windowtext 0.5pt solid;\" align=\"middle\" width=\"482\"><span style=\"font-family: Arial; font-size: small;\">\u00a0<\/span><\/td>\n<\/tr>\n<tr style=\"height: 24.95pt;\">\n<td class=\"xl1257\" style=\"border-bottom: windowtext 0.5pt solid; border-left: windowtext 0.5pt solid; background-color: transparent; border-top-color: windowtext; height: 24.95pt; border-right: windowtext 0.5pt solid;\" align=\"left\" height=\"33\"><span style=\"color: #003300; font-family: Arial; font-size: small;\">T\u00ean Ti\u1ebfng Vi\u1ec7t<\/span><\/td>\n<td class=\"xl1257\" style=\"border-bottom: windowtext 0.5pt solid; background-color: transparent; border-top-color: windowtext; border-left-color: windowtext; border-right: windowtext 0.5pt solid;\" align=\"left\"><span style=\"color: #003300; font-family: Arial; font-size: small;\">C\u00f4ng ty C\u1ed5 ph\u1ea7n \u0110\u1ea7u t\u01b0 X\u00e2y d\u1ef1ng v\u00e0 K\u1ef9 thu\u1eadt Vinaconex<\/span><\/td>\n<\/tr>\n<tr style=\"height: 24.95pt;\">\n<td class=\"xl1257\" style=\"border-bottom: windowtext 0.5pt solid; border-left: windowtext 0.5pt solid; background-color: transparent; border-top-color: windowtext; height: 24.95pt; border-right: windowtext 0.5pt solid;\" align=\"left\" height=\"33\"><span style=\"color: #003300; font-family: Arial; font-size: small;\">T\u00ean Ti\u1ebfng Anh<\/span><\/td>\n<td class=\"xl1258\" style=\"border-bottom: windowtext 0.5pt solid; background-color: transparent; border-top-color: windowtext; border-left-color: windowtext; border-right: windowtext 0.5pt solid;\" align=\"left\"><span style=\"color: #003300; font-family: Arial; font-size: small;\">VINACONEX ENGINEERING CONSTRUCTION &amp; INVESTMENT., JSC<\/span><\/td>\n<\/tr>\n<tr style=\"height: 24.95pt;\">\n<td class=\"xl1257\" style=\"border-bottom: windowtext 0.5pt solid; border-left: windowtext 0.5pt solid; background-color: transparent; border-top-color: windowtext; height: 24.95pt; border-right: windowtext 0.5pt solid;\" align=\"left\" height=\"33\"><span style=\"color: #003300; font-family: Arial; font-size: small;\">T\u00ean vi\u1ebft t\u1eaft<\/span><\/td>\n<td class=\"xl1258\" style=\"border-bottom: windowtext 0.5pt solid; background-color: transparent; border-top-color: windowtext; border-left-color: windowtext; border-right: windowtext 0.5pt solid;\" align=\"left\"><span style=\"color: #003300; font-family: Arial; font-size: small;\">VINACONEX E&amp;C., JSC<\/span><\/td>\n<\/tr>\n<tr style=\"height: 33.75pt;\">\n<td class=\"xl1257\" style=\"border-bottom: windowtext 0.5pt solid; border-left: windowtext 0.5pt solid; background-color: transparent; border-top-color: windowtext; height: 33.75pt; border-right: windowtext 0.5pt solid;\" align=\"left\" height=\"45\"><span style=\"color: #003300; font-family: Arial; font-size: small;\">Tr\u1ee5 s\u1edf ch\u00ednh<\/span><\/td>\n<td class=\"xl1259\" style=\"border-bottom: windowtext 0.5pt solid; background-color: transparent; border-top-color: windowtext; width: 362pt; border-left-color: windowtext; border-right: windowtext 0.5pt solid;\" align=\"left\" width=\"482\"><span style=\"color: #003300; font-family: Arial; font-size: small;\">T\u1ea7ng 18, T\u00f2a nh\u00e0 34 L\u00e1ng H\u1ea1, \u0110\u1ed1ng \u0110a, Th\u00e0nh ph\u1ed1 H\u00e0 N\u1ed9i.<\/span><\/td>\n<\/tr>\n<tr style=\"height: 24.95pt;\">\n<td class=\"xl1257\" style=\"border-bottom: windowtext 0.5pt solid; border-left: windowtext 0.5pt solid; background-color: transparent; border-top-color: windowtext; height: 24.95pt; border-right: windowtext 0.5pt solid;\" align=\"left\" height=\"33\"><span style=\"color: #003300; font-family: Arial; font-size: small;\">Tel<\/span><\/td>\n<td class=\"xl1257\" style=\"border-bottom: windowtext 0.5pt solid; background-color: transparent; border-top-color: windowtext; border-left-color: windowtext; border-right: windowtext 0.5pt solid;\" align=\"left\"><span style=\"color: #003300; font-family: Arial; font-size: small;\">(84-4) 3776.5888<\/span><\/td>\n<\/tr>\n<tr style=\"height: 24.95pt;\">\n<td class=\"xl1257\" style=\"border-bottom: windowtext 0.5pt solid; border-left: windowtext 0.5pt solid; background-color: transparent; border-top-color: windowtext; height: 24.95pt; border-right: windowtext 0.5pt solid;\" align=\"left\" height=\"33\"><span style=\"color: #003300; font-family: Arial; font-size: small;\">Fax<\/span><\/td>\n<td class=\"xl1257\" style=\"border-bottom: windowtext 0.5pt solid; background-color: transparent; border-top-color: windowtext; border-left-color: windowtext; border-right: windowtext 0.5pt solid;\" align=\"left\"><span style=\"color: #003300; font-family: Arial; font-size: small;\">(84-4) <\/span><span style=\"color: #003300; font-family: Arial; font-size: small;\">3776.5999<\/span><\/td>\n<\/tr>\n<tr style=\"height: 24.95pt;\">\n<td class=\"xl1257\" style=\"border-bottom: windowtext 0.5pt solid; border-left: windowtext 0.5pt solid; background-color: transparent; border-top-color: windowtext; height: 24.95pt; border-right: windowtext 0.5pt solid;\" align=\"left\" height=\"33\"><span style=\"color: #003300; font-family: Arial; font-size: small;\">Email<\/span><\/td>\n<td class=\"xl1260\" style=\"border-bottom: windowtext 0.5pt solid; background-color: transparent; border-top-color: windowtext; border-left-color: windowtext; border-right: windowtext 0.5pt solid;\" align=\"left\"><span style=\"font-family: Arial; font-size: small;\"><a href=\"mailto:vinaconex.ec@hn.vnn.vn\"><span style=\"color: #003300;\">vinaconex.ec@hn.vnn.vn<\/span><\/a><\/span><\/td>\n<\/tr>\n<tr style=\"height: 101.25pt;\">\n<td class=\"xl1257\" style=\"border-bottom: windowtext 0.5pt solid; border-left: windowtext 0.5pt solid; background-color: transparent; border-top-color: windowtext; height: 101.25pt; border-right: windowtext 0.5pt solid;\" align=\"left\" height=\"135\"><span style=\"color: #003300; font-family: Arial; font-size: small;\">Ng\u00e0nh ngh\u1ec1 ho\u1ea1t \u0111\u1ed9ng ch\u00ednh<\/span><\/td>\n<td class=\"xl1259\" style=\"border-bottom: windowtext 0.5pt solid; background-color: transparent; border-top-color: windowtext; width: 362pt; border-left-color: windowtext; border-right: windowtext 0.5pt solid;\" align=\"left\" width=\"482\"><span style=\"color: #003300; font-family: Arial; font-size: small;\">&#8211; \u0110\u1ea5u th\u1ea7u v\u00e0 qu\u1ea3n l\u00fd thi c\u00f4ng c\u00e1c c\u00f4ng tr\u00ecnh x\u00e2y d\u1ef1ng d\u00e2n d\u1ee5ng, c\u00f4ng nghi\u1ec7p, giao th\u00f4ng, th\u1ee7y l\u1ee3i, c\u00e1c c\u00f4ng tr\u00ecnh \u0111i\u1ec7n.<br \/>\n-Thi\u1ebft k\u1ebf x\u00e2y d\u1ef1ng c\u00f4ng tr\u00ecnh giao th\u00f4ng, d\u00e2n d\u1ee5ng, c\u00f4ng nghi\u1ec7p; h\u1ea1 t\u1ea7ng k\u1ef9 thu\u1eadt \u0111\u00f4 th\u1ecb. Thi\u1ebft k\u1ebf quy ho\u1ea1ch \u0111\u00f4 th\u1ecb, n\u1ed9i ngo\u1ea1i th\u1ea5t c\u00f4ng tr\u00ecnh.<br \/>\n&#8211; \u0110\u1ea7u t\u01b0 kinh doanh b\u1ea5t \u0111\u1ed9ng s\u1ea3n.<\/span><\/td>\n<\/tr>\n<tr style=\"height: 24.95pt;\">\n<td class=\"xl1261\" style=\"border-bottom: windowtext 0.5pt solid; border-left: windowtext 0.5pt solid; background-color: silver; border-top-color: windowtext; height: 24.95pt; border-right: windowtext 0.5pt solid;\" align=\"left\" height=\"33\"><span style=\"font-family: Arial; font-size: small;\"><strong>C\u01a1 c\u1ea5u v\u1ed1n\u00a0<\/strong><\/span><\/td>\n<td class=\"xl1262\" style=\"border-bottom: windowtext 0.5pt solid; background-color: silver; border-top-color: windowtext; border-left-color: windowtext; border-right: windowtext 0.5pt solid;\" align=\"left\"><span style=\"font-family: Arial; font-size: small;\"><strong>\u00a0<\/strong><\/span><\/td>\n<\/tr>\n<tr style=\"height: 24.95pt;\">\n<td class=\"xl1257\" style=\"border-bottom: windowtext 0.5pt solid; border-left: windowtext 0.5pt solid; background-color: transparent; border-top-color: windowtext; height: 24.95pt; border-right: windowtext 0.5pt solid;\" align=\"left\" height=\"33\"><span style=\"font-family: Arial; font-size: small;\"><span style=\"color: #003300;\">V\u1ed1n \u0111i\u1ec1u l\u1ec7\u00a0<\/span><\/span><\/td>\n<td class=\"xl1257\" style=\"border-bottom: windowtext 0.5pt solid; background-color: transparent; border-top-color: windowtext; border-left-color: windowtext; border-right: windowtext 0.5pt solid;\" align=\"left\"><span style=\"color: #003300; font-family: Arial; font-size: small;\">110.000.000.000 VN\u0110<\/span><\/td>\n<\/tr>\n<tr style=\"height: 24.95pt;\">\n<td class=\"xl1257\" style=\"border-bottom: windowtext 0.5pt solid; border-left: windowtext 0.5pt solid; background-color: transparent; border-top-color: windowtext; height: 24.95pt; border-right: windowtext 0.5pt solid;\" align=\"left\" height=\"33\"><span style=\"color: #003300; font-family: Arial; font-size: small;\">M\u1ec7nh gi\u00e1<\/span><\/td>\n<td class=\"xl1257\" style=\"border-bottom: windowtext 0.5pt solid; background-color: transparent; border-top-color: windowtext; border-left-color: windowtext; border-right: windowtext 0.5pt solid;\" align=\"left\"><span style=\"color: #003300; font-family: Arial; font-size: small;\">10.000 VN\u0110<\/span><\/td>\n<\/tr>\n<tr style=\"height: 24.95pt;\">\n<td class=\"xl1255\" style=\"border-bottom: windowtext 0.5pt solid; border-left: windowtext 0.5pt solid; background-color: silver; border-top-color: windowtext; height: 24.95pt; border-right: windowtext 0.5pt solid;\" align=\"left\" height=\"33\"><span style=\"color: #003300; font-family: Arial; font-size: small;\"><strong>\u0110\u0103ng k\u00fd ho\u1ea1t \u0111\u1ed9ng<\/strong><\/span><\/td>\n<td class=\"xl1262\" style=\"border-bottom: windowtext 0.5pt solid; background-color: silver; border-top-color: windowtext; border-left-color: windowtext; border-right: windowtext 0.5pt solid;\" align=\"left\"><span style=\"font-family: Arial; font-size: small;\"><strong>\u00a0<\/strong><\/span><\/td>\n<\/tr>\n<tr style=\"height: 42.75pt;\">\n<td class=\"xl1259\" style=\"border-bottom: windowtext 0.5pt solid; border-left: windowtext 0.5pt solid; background-color: transparent; border-top-color: windowtext; width: 137pt; height: 42.75pt; border-right: windowtext 0.5pt solid;\" align=\"left\" width=\"182\" height=\"57\"><span style=\"color: #003300; font-family: Arial; font-size: small;\">S\u1ed1 gi\u1ea5y ph\u00e9p \u0111\u0103ng k\u00fd<br \/>\nkinh doanh<\/span><\/td>\n<td class=\"xl1257\" style=\"border-bottom: windowtext 0.5pt solid; background-color: transparent; border-top-color: windowtext; border-left-color: windowtext; border-right: windowtext 0.5pt solid;\" align=\"left\"><span style=\"color: #003300; font-family: Arial; font-size: small;\">0103017297<\/span><\/td>\n<\/tr>\n<tr style=\"height: 24.95pt;\">\n<td class=\"xl1257\" style=\"border-bottom: windowtext 0.5pt solid; border-left: windowtext 0.5pt solid; background-color: transparent; border-top-color: windowtext; height: 24.95pt; border-right: windowtext 0.5pt solid;\" align=\"left\" height=\"33\"><span style=\"font-family: Arial; font-size: small;\"><span style=\"color: #003300;\">Ng\u00e0y c\u1ea5p\u00a0<\/span><\/span><\/td>\n<td class=\"xl1257\" style=\"border-bottom: windowtext 0.5pt solid; background-color: transparent; border-top-color: windowtext; border-left-color: windowtext; border-right: windowtext 0.5pt solid;\" align=\"left\"><span style=\"color: #003300; font-family: Arial; font-size: small;\">\u0110\u0103ng k\u00fd l\u1ea7n \u0111\u1ea7u: ng\u00e0y 16\/05\/2007, \u0111\u0103ng k\u00fd thay \u0111\u1ed5i l\u1ea7n 1: ng\u00e0y 05\/03\/2008, thay \u0111\u1ed5i l\u1ea7n 2: ng\u00e0y 22\/10\/2009.<br \/>\n<\/span><\/td>\n<\/tr>\n<tr style=\"height: 24.95pt;\">\n<td class=\"xl1257\" style=\"border-bottom: windowtext 0.5pt solid; border-left: windowtext 0.5pt solid; background-color: transparent; border-top-color: windowtext; height: 24.95pt; border-right: windowtext 0.5pt solid;\" align=\"left\" height=\"33\"><span style=\"color: #003300; font-family: Arial; font-size: small;\">N\u01a1i c\u1ea5p<\/span><\/td>\n<td class=\"xl1257\" style=\"border-bottom: windowtext 0.5pt solid; background-color: transparent; border-top-color: windowtext; border-left-color: windowtext; border-right: windowtext 0.5pt solid;\" align=\"left\"><span style=\"color: #003300; font-family: Arial; font-size: small;\">S\u1edf K\u1ebf ho\u1ea1ch v\u00e0 \u0110\u1ea7u t\u01b0 &#8211; TP H\u00e0 n\u1ed9i<\/span><\/td>\n<\/tr>\n<\/tbody>\n<\/table>\n<p><span style=\"font-family: Arial; font-size: small;\">\u0110i\u1ec1u l\u1ec7 T\u1ed5 ch\u1ee9c v\u00e0 Ho\u1ea1t \u0111\u1ed9ng c\u1ee7a C\u00f4ng ty (<a href=\"\/Client\/upload\/News\/User_1\/2013\/1\/14\/\u0110i\u1ec1u l\u1ec7 ho\u1ea1t \u0111\u1ed9ng VINACONEX EC.pdf\">Download<\/a>).<\/p>\n<p><\/span><\/p>\n<div align=\"right\"><span style=\"font-family: Arial; font-size: small;\">\u00a0\u00a0\u00a0\u00a0\u00a0\u00a0\u00a0\u00a0\u00a0\u00a0\u00a0\u00a0\u00a0\u00a0\u00a0\u00a0\u00a0\u00a0\u00a0\u00a0\u00a0\u00a0\u00a0\u00a0\u00a0\u00a0\u00a0\u00a0\u00a0\u00a0\u00a0\u00a0\u00a0\u00a0\u00a0\u00a0\u00a0\u00a0\u00a0\u00a0\u00a0\u00a0\u00a0\u00a0\u00a0\u00a0\u00a0\u00a0\u00a0\u00a0\u00a0\u00a0\u00a0\u00a0\u00a0\u00a0\u00a0\u00a0\u00a0\u00a0\u00a0\u00a0\u00a0(Ngu\u1ed3n tin; Ban bi\u00ean t\u1eadp Website)<\/span><\/div>\n<p>&nbsp;<\/p>\n<\/div>\n<\/div>\n<\/div>\n<\/div>\n<\/div>\n","protected":false},"excerpt":{"rendered":"<p>Th\u00f4ng tin chung \u00a0 T\u00ean Ti\u1ebfng Vi\u1ec7t C\u00f4ng ty C\u1ed5 ph\u1ea7n \u0110\u1ea7u t\u01b0 X\u00e2y d\u1ef1ng v\u00e0 K\u1ef9 thu\u1eadt Vinaconex T\u00ean Ti\u1ebfng Anh VINACONEX ENGINEERING CONSTRUCTION &amp; INVESTMENT., JSC T\u00ean vi\u1ebft t\u1eaft VINACONEX E&amp;C., JSC Tr\u1ee5 s\u1edf ch\u00ednh T\u1ea7ng 18, T\u00f2a nh\u00e0 34 L\u00e1ng H\u1ea1, \u0110\u1ed1ng \u0110a, Th\u00e0nh ph\u1ed1 H\u00e0 N\u1ed9i. Tel (84-4) 3776.5888 Fax (84-4) [&hellip;]<\/p>\n","protected":false},"author":1,"featured_media":0,"parent":0,"menu_order":0,"comment_status":"closed","ping_status":"closed","template":"templates\/nhadautu.php","meta":{"footnotes":""},"class_list":["post-21","page","type-page","status-publish","hentry"],"_links":{"self":[{"href":"https:\/\/vncnec.com.vn\/vi\/wp-json\/wp\/v2\/pages\/21","targetHints":{"allow":["GET"]}}],"collection":[{"href":"https:\/\/vncnec.com.vn\/vi\/wp-json\/wp\/v2\/pages"}],"about":[{"href":"https:\/\/vncnec.com.vn\/vi\/wp-json\/wp\/v2\/types\/page"}],"author":[{"embeddable":true,"href":"https:\/\/vncnec.com.vn\/vi\/wp-json\/wp\/v2\/users\/1"}],"replies":[{"embeddable":true,"href":"https:\/\/vncnec.com.vn\/vi\/wp-json\/wp\/v2\/comments?post=21"}],"version-history":[{"count":3,"href":"https:\/\/vncnec.com.vn\/vi\/wp-json\/wp\/v2\/pages\/21\/revisions"}],"predecessor-version":[{"id":24,"href":"https:\/\/vncnec.com.vn\/vi\/wp-json\/wp\/v2\/pages\/21\/revisions\/24"}],"wp:attachment":[{"href":"https:\/\/vncnec.com.vn\/vi\/wp-json\/wp\/v2\/media?parent=21"}],"curies":[{"name":"wp","href":"https:\/\/api.w.org\/{rel}","templated":true}]}}