{"id":203,"date":"2016-02-24T14:33:05","date_gmt":"2016-02-24T14:33:05","guid":{"rendered":"http:\/\/vi.vinaconexec.com\/?page_id=203"},"modified":"2019-01-15T07:37:19","modified_gmt":"2019-01-15T07:37:19","slug":"dich-vu","status":"publish","type":"page","link":"https:\/\/vncnec.com.vn\/vi\/dich-vu\/","title":{"rendered":"D\u1ecbch v\u1ee5"},"content":{"rendered":"<p style=\"text-align: justify;\">VNCN E&amp;C cung c\u1ea5p c\u00e1c d\u1ecbch v\u1ee5 c\u1ea7n thi\u1ebft v\u00e0 \u0111\u1ee7 n\u0103ng l\u1ef1c th\u1ef1c hi\u1ec7n c\u00e1c d\u1ef1 \u00e1n \u0111\u00e1p \u1ee9ng c\u00e1c ti\u00eau chu\u1ea9n v\u1ec1 ch\u1ea5t l\u01b0\u1ee3ng, ti\u1ebfn \u0111\u1ed9 v\u00e0 ng\u00e2n s\u00e1ch c\u1ee7a kh\u00e1ch h\u00e0ng. \u0110\u1ed9i ng\u0169 k\u1ef9 s\u01b0 v\u00e0 c\u00f4ng nh\u00e2n \u0111\u1ea7y t\u00e2m huy\u1ebft v\u00e0 k\u1ef9 n\u0103ng c\u1ee7a ch\u00fang t\u00f4i t\u1ef1 h\u00e0o tri\u1ec3n khai th\u00e0nh c\u00f4ng nhi\u1ec1u d\u1ef1 \u00e1n t\u1eeb kh\u00e2u \u00fd t\u01b0\u1edfng \u0111\u1ebfn ho\u00e0n thi\u1ec7n c\u00f4ng tr\u00ecnh. Ch\u00fang t\u00f4i li\u00ean k\u1ebft v\u1edbi c\u00e1c kh\u00e1ch h\u00e0ng ngay t\u1eeb ban \u0111\u1ea7u \u0111\u1ec3 t\u00ecm hi\u1ec3u, l\u1eafng nghe nhu c\u1ea7u c\u1ee7a kh\u00e1ch h\u00e0ng v\u00e0 c\u00f9ng chia s\u1ebb ph\u00e1t tri\u1ec3n \u00fd t\u01b0\u1edfng cho m\u1ed7i d\u1ef1 \u00e1n. D\u1ef1a tr\u00ean \u00fd t\u01b0\u1edfng \u0111\u00f3, ch\u00fang t\u00f4i h\u1ee3p t\u00e1c l\u00e0m vi\u1ec7c v\u1edbi c\u00e1c ki\u1ebfn tr\u00fac s\u01b0 v\u00e0 k\u1ef9 s\u01b0 t\u00e0i n\u0103ng c\u00f9ng c\u00e1c nh\u00e0 th\u1ea7u ph\u1ee5 uy t\u00edn \u0111\u1ec3 bi\u1ebfn \u00fd t\u01b0\u1edfng \u0111\u00f3 th\u00e0nh hi\u1ec7n th\u1ef1c. C\u00e1ch ti\u1ebfp c\u1eadn mang t\u00ednh t\u01b0\u01a1ng t\u00e1c n\u00e0y \u0111\u1ea3m b\u1ea3o ch\u1ea5t l\u01b0\u1ee3ng c\u00f4ng vi\u1ec7c c\u0169ng nh\u01b0 s\u1ef1 t\u1eadp trung v\u00e0o chi ti\u1ebft c\u00e1c c\u00f4ng vi\u1ec7c tr\u00ean t\u1eebng giai \u0111o\u1ea1n c\u1ee7a d\u1ef1 \u00e1n \u0111\u1ea3m b\u1ea3o s\u1ef1 h\u00e0i l\u00f2ng c\u1ee7a kh\u00e1ch h\u00e0ng.<\/p>\n","protected":false},"excerpt":{"rendered":"<p>VNCN E&amp;C cung c\u1ea5p c\u00e1c d\u1ecbch v\u1ee5 c\u1ea7n thi\u1ebft v\u00e0 \u0111\u1ee7 n\u0103ng l\u1ef1c th\u1ef1c hi\u1ec7n c\u00e1c d\u1ef1 \u00e1n \u0111\u00e1p \u1ee9ng c\u00e1c ti\u00eau chu\u1ea9n v\u1ec1 ch\u1ea5t l\u01b0\u1ee3ng, ti\u1ebfn \u0111\u1ed9 v\u00e0 ng\u00e2n s\u00e1ch c\u1ee7a kh\u00e1ch h\u00e0ng. \u0110\u1ed9i ng\u0169 k\u1ef9 s\u01b0 v\u00e0 c\u00f4ng nh\u00e2n \u0111\u1ea7y t\u00e2m huy\u1ebft v\u00e0 k\u1ef9 n\u0103ng c\u1ee7a ch\u00fang t\u00f4i t\u1ef1 h\u00e0o tri\u1ec3n khai th\u00e0nh [&hellip;]<\/p>\n","protected":false},"author":1,"featured_media":0,"parent":0,"menu_order":0,"comment_status":"closed","ping_status":"closed","template":"templates\/dichvu.php","meta":{"footnotes":""},"class_list":["post-203","page","type-page","status-publish","hentry"],"_links":{"self":[{"href":"https:\/\/vncnec.com.vn\/vi\/wp-json\/wp\/v2\/pages\/203","targetHints":{"allow":["GET"]}}],"collection":[{"href":"https:\/\/vncnec.com.vn\/vi\/wp-json\/wp\/v2\/pages"}],"about":[{"href":"https:\/\/vncnec.com.vn\/vi\/wp-json\/wp\/v2\/types\/page"}],"author":[{"embeddable":true,"href":"https:\/\/vncnec.com.vn\/vi\/wp-json\/wp\/v2\/users\/1"}],"replies":[{"embeddable":true,"href":"https:\/\/vncnec.com.vn\/vi\/wp-json\/wp\/v2\/comments?post=203"}],"version-history":[{"count":6,"href":"https:\/\/vncnec.com.vn\/vi\/wp-json\/wp\/v2\/pages\/203\/revisions"}],"predecessor-version":[{"id":1349,"href":"https:\/\/vncnec.com.vn\/vi\/wp-json\/wp\/v2\/pages\/203\/revisions\/1349"}],"wp:attachment":[{"href":"https:\/\/vncnec.com.vn\/vi\/wp-json\/wp\/v2\/media?parent=203"}],"curies":[{"name":"wp","href":"https:\/\/api.w.org\/{rel}","templated":true}]}}