{"id":187,"date":"2016-02-24T14:23:01","date_gmt":"2016-02-24T14:23:01","guid":{"rendered":"http:\/\/vi.vinaconexec.com\/?page_id=187"},"modified":"2019-01-15T06:33:06","modified_gmt":"2019-01-15T06:33:06","slug":"chinh-sach-chat-luong","status":"publish","type":"page","link":"https:\/\/vncnec.com.vn\/vi\/chinh-sach-chat-luong\/","title":{"rendered":"Ch\u00ednh s\u00e1ch ch\u1ea5t l\u01b0\u1ee3ng"},"content":{"rendered":"<p>VNCN E&amp;C x\u00e1c \u0111\u1ecbnh ch\u1ea5t l\u01b0\u1ee3ng s\u1ea3n ph\u1ea9m, d\u1ecbch v\u1ee5 l\u00e0 uy t\u00edn, l\u00e0 hi\u1ec7u qu\u1ea3, l\u00e0 n\u1ec1n t\u1ea3ng c\u1ee7a s\u1ef1 ph\u00e1t tri\u1ec3n b\u1ec1n v\u1eefng.<\/p>\n<p>VNCN E&amp;C coi tr\u1ecdng y\u1ebfu t\u1ed1 con ng\u01b0\u1eddi do v\u1eady lu\u00f4n lu\u00f4n quan t\u00e2m \u0111\u1ebfn c\u00f4ng t\u00e1c \u0111\u00e0o t\u1ea1o, c\u1eadp nh\u1eadt ki\u1ebfn th\u1ee9c cho to\u00e0n th\u1ec3 c\u00e1n b\u1ed9 c\u00f4ng nh\u00e2n vi\u00ean, t\u1ea1o ra m\u00f4i tr\u01b0\u1eddng l\u00e0m vi\u1ec7c thu\u1eadn l\u1ee3i v\u1edbi c\u01a1 s\u1edf h\u1ea1 t\u1ea7ng ti\u00ean ti\u1ebfn nh\u1eb1m ph\u00e1t huy t\u1ed1i \u0111a n\u0103ng l\u1ef1c c\u1ee7a m\u1ecdi th\u00e0nh vi\u00ean.<\/p>\n<p>VNCN E&amp;C cam k\u1ebft x\u00e2y d\u1ef1ng, th\u1ef1c hi\u1ec7n, duy tr\u00ec v\u00e0 kh\u00f4ng ng\u1eebng c\u1ea3i ti\u1ebfn h\u1ec7 th\u1ed1ng qu\u1ea3n l\u00fd ch\u1ea5t l\u01b0\u1ee3ng ph\u00f9 h\u1ee3p v\u1edbi c\u00e1c y\u00eau c\u1ea7u c\u1ee7a ti\u00eau chu\u1ea9n ISO 9001: 2008 v\u00e0 t\u1ea1o ra nh\u1eefng s\u1ea3n ph\u1ea9m, d\u1ecbch v\u1ee5 t\u1ed1t nh\u1ea5t \u0111\u00e1p \u1ee9ng y\u00eau c\u1ea7u c\u1ee7a kh\u00e1ch h\u00e0ng.<\/p>\n<p>&nbsp;<\/p>\n","protected":false},"excerpt":{"rendered":"<p>VNCN E&amp;C x\u00e1c \u0111\u1ecbnh ch\u1ea5t l\u01b0\u1ee3ng s\u1ea3n ph\u1ea9m, d\u1ecbch v\u1ee5 l\u00e0 uy t\u00edn, l\u00e0 hi\u1ec7u qu\u1ea3, l\u00e0 n\u1ec1n t\u1ea3ng c\u1ee7a s\u1ef1 ph\u00e1t tri\u1ec3n b\u1ec1n v\u1eefng. VNCN E&amp;C coi tr\u1ecdng y\u1ebfu t\u1ed1 con ng\u01b0\u1eddi do v\u1eady lu\u00f4n lu\u00f4n quan t\u00e2m \u0111\u1ebfn c\u00f4ng t\u00e1c \u0111\u00e0o t\u1ea1o, c\u1eadp nh\u1eadt ki\u1ebfn th\u1ee9c cho to\u00e0n th\u1ec3 c\u00e1n b\u1ed9 c\u00f4ng nh\u00e2n [&hellip;]<\/p>\n","protected":false},"author":1,"featured_media":0,"parent":0,"menu_order":0,"comment_status":"closed","ping_status":"closed","template":"templates\/vechungtoi.php","meta":{"footnotes":""},"class_list":["post-187","page","type-page","status-publish","hentry"],"_links":{"self":[{"href":"https:\/\/vncnec.com.vn\/vi\/wp-json\/wp\/v2\/pages\/187","targetHints":{"allow":["GET"]}}],"collection":[{"href":"https:\/\/vncnec.com.vn\/vi\/wp-json\/wp\/v2\/pages"}],"about":[{"href":"https:\/\/vncnec.com.vn\/vi\/wp-json\/wp\/v2\/types\/page"}],"author":[{"embeddable":true,"href":"https:\/\/vncnec.com.vn\/vi\/wp-json\/wp\/v2\/users\/1"}],"replies":[{"embeddable":true,"href":"https:\/\/vncnec.com.vn\/vi\/wp-json\/wp\/v2\/comments?post=187"}],"version-history":[{"count":3,"href":"https:\/\/vncnec.com.vn\/vi\/wp-json\/wp\/v2\/pages\/187\/revisions"}],"predecessor-version":[{"id":1340,"href":"https:\/\/vncnec.com.vn\/vi\/wp-json\/wp\/v2\/pages\/187\/revisions\/1340"}],"wp:attachment":[{"href":"https:\/\/vncnec.com.vn\/vi\/wp-json\/wp\/v2\/media?parent=187"}],"curies":[{"name":"wp","href":"https:\/\/api.w.org\/{rel}","templated":true}]}}