{"id":173,"date":"2016-02-24T14:13:40","date_gmt":"2016-02-24T14:13:40","guid":{"rendered":"http:\/\/vi.vinaconexec.com\/?page_id=173"},"modified":"2019-01-15T06:39:12","modified_gmt":"2019-01-15T06:39:12","slug":"nguon-luc","status":"publish","type":"page","link":"https:\/\/vncnec.com.vn\/vi\/nguon-luc\/","title":{"rendered":"Ngu\u1ed3n l\u1ef1c"},"content":{"rendered":"<p><em><u>X\u00e1c \u0111\u1ecbnh con ng\u01b0\u1eddi l\u00e0 y\u1ebfu t\u1ed1 c\u1ed1t l\u00f5i t\u1ea1o n\u00ean s\u1ee9c m\u1ea1nh c\u1ee7a doanh nghi\u1ec7p VNCN E&amp;C n\u00ean C\u00f4ng ty r\u1ea5t ch\u00fa tr\u1ecdng x\u00e2y d\u1ef1ng c\u00e1c ch\u00ednh s\u00e1ch li\u00ean quan \u0111\u1ebfn CBCNV:<\/u><\/em><\/p>\n<p>Nh\u00e2n l\u1ef1c VNCN E&amp;C ti\u00eau bi\u1ec3u cho nhi\u1ec1u th\u1eadp k\u1ef7 kinh nghi\u1ec7m trong ng\u00e0nh x\u00e2y d\u1ef1ng. Kinh nghi\u1ec7m s\u00e2u r\u1ed9ng c\u1ee7a ng\u01b0\u1eddi lao \u0111\u1ed9ng VNCN E&amp;C, k\u1ef9 n\u0103ng v\u00e0 s\u1ef1 l\u00e0nh ngh\u1ec1 c\u1ee7a c\u00f4ng nh\u00e2n, s\u1ef1 th\u00e0nh th\u1ea1o c\u1ee7a c\u00e1c nh\u00e2n vi\u00ean k\u1ef9 thu\u1eadt v\u00e0 t\u00e0i n\u0103ng c\u1ee7a \u0111\u1ed9i ng\u0169 qu\u1ea3n l\u00fd ch\u00ednh l\u00e0 m\u1ed9t th\u1ebf m\u1ea1nh l\u1edbn, g\u00f3p m\u1ed9t ph\u1ea7n r\u1ea5t l\u1edbn trong th\u00e0nh c\u00f4ng c\u1ee7a ch\u00fang t\u00f4i cho t\u1edbi ng\u00e0y nay.<\/p>\n<p>Hi\u1ec7n nay, nh\u00e2n vi\u00ean c\u1ee7a VNCN E&amp;C\u00a0bao g\u1ed3m h\u00e0ng tr\u0103m k\u1ef9 s\u01b0, chuy\u00ean vi\u00ean, c\u00f4ng tr\u00ecnh s\u01b0, ki\u1ebfn tr\u00fac s\u01b0, chuy\u00ean gia. \u0110\u1ed9i ng\u0169 c\u00e1n b\u1ed9 c\u1ee7a ch\u00fang t\u00f4i \u0111\u1ea1i di\u1ec7n cho m\u1ed9t l\u1ef1c l\u01b0\u1ee3ng l\u00e0m vi\u1ec7c n\u0103ng \u0111\u1ed9ng, c\u00f3 t\u00e0i n\u0103ng, nhi\u1ec7t huy\u1ebft v\u00e0 s\u00e1ng t\u1ea1o. Ch\u00fang t\u00f4i lu\u00f4n mong mu\u1ed1n \u0111\u01b0\u1ee3c \u0111em v\u1ed1n ki\u1ebfn th\u1ee9c, s\u1ee9c tr\u1ebb v\u00e0 kinh nghi\u1ec7m c\u1ee7a m\u00ecnh ph\u1ee5c v\u1ee5 cho s\u1ef1 ph\u00e1t tri\u1ec3n c\u1ee7a C\u00f4ng ty. C\u00e1c c\u00e1 nh\u00e2n VNCN E&amp;C\u00a0c\u00f9ng chia s\u1ebb \u01b0\u1edbc m\u01a1, ho\u00e0i b\u00e3o m\u1edf ra m\u1ed9t h\u01b0\u1edbng \u0111i m\u1edbi trong ng\u00e0nh x\u00e2y d\u1ef1ng, t\u1ea1o l\u00ean nh\u1eefng c\u00f4ng tr\u00ecnh h\u1ea1 t\u1ea7ng, trung t\u00e2m th\u01b0\u01a1ng m\u1ea1i, cao \u1ed1c v\u0103n ph\u00f2ng v\u00e0 khu d\u00e2n c\u01b0 hi\u1ec7n \u0111\u1ea1i, ti\u1ec7n \u00edch v\u00e0 th\u00e2n thi\u1ec7n v\u1edbi m\u00f4i tr\u01b0\u1eddng. Ch\u00fang t\u00f4i \u0111ang c\u00f9ng n\u1ed7 l\u1ef1c v\u00ec m\u1ed9t m\u1ee5c \u0111\u00edch chung l\u00e0 mang \u0111\u1ebfn m\u1ed9t di\u1ec7n m\u1ea1o v\u00e0 t\u1ea7m cao m\u1edbi cho ng\u00e0nh x\u00e2y d\u1ef1ng, b\u1eaft k\u1ecbp c\u00f4ng ngh\u1ec7 ti\u00ean ti\u1ebfn trong khu v\u1ef1c v\u00e0 tr\u00ean th\u1ebf gi\u1edbi.<\/p>\n","protected":false},"excerpt":{"rendered":"<p>X\u00e1c \u0111\u1ecbnh con ng\u01b0\u1eddi l\u00e0 y\u1ebfu t\u1ed1 c\u1ed1t l\u00f5i t\u1ea1o n\u00ean s\u1ee9c m\u1ea1nh c\u1ee7a doanh nghi\u1ec7p VNCN E&amp;C n\u00ean C\u00f4ng ty r\u1ea5t ch\u00fa tr\u1ecdng x\u00e2y d\u1ef1ng c\u00e1c ch\u00ednh s\u00e1ch li\u00ean quan \u0111\u1ebfn CBCNV: Nh\u00e2n l\u1ef1c VNCN E&amp;C ti\u00eau bi\u1ec3u cho nhi\u1ec1u th\u1eadp k\u1ef7 kinh nghi\u1ec7m trong ng\u00e0nh x\u00e2y d\u1ef1ng. Kinh nghi\u1ec7m s\u00e2u r\u1ed9ng c\u1ee7a ng\u01b0\u1eddi [&hellip;]<\/p>\n","protected":false},"author":1,"featured_media":0,"parent":0,"menu_order":0,"comment_status":"closed","ping_status":"closed","template":"templates\/vechungtoi.php","meta":{"footnotes":""},"class_list":["post-173","page","type-page","status-publish","hentry"],"_links":{"self":[{"href":"https:\/\/vncnec.com.vn\/vi\/wp-json\/wp\/v2\/pages\/173","targetHints":{"allow":["GET"]}}],"collection":[{"href":"https:\/\/vncnec.com.vn\/vi\/wp-json\/wp\/v2\/pages"}],"about":[{"href":"https:\/\/vncnec.com.vn\/vi\/wp-json\/wp\/v2\/types\/page"}],"author":[{"embeddable":true,"href":"https:\/\/vncnec.com.vn\/vi\/wp-json\/wp\/v2\/users\/1"}],"replies":[{"embeddable":true,"href":"https:\/\/vncnec.com.vn\/vi\/wp-json\/wp\/v2\/comments?post=173"}],"version-history":[{"count":6,"href":"https:\/\/vncnec.com.vn\/vi\/wp-json\/wp\/v2\/pages\/173\/revisions"}],"predecessor-version":[{"id":1343,"href":"https:\/\/vncnec.com.vn\/vi\/wp-json\/wp\/v2\/pages\/173\/revisions\/1343"}],"wp:attachment":[{"href":"https:\/\/vncnec.com.vn\/vi\/wp-json\/wp\/v2\/media?parent=173"}],"curies":[{"name":"wp","href":"https:\/\/api.w.org\/{rel}","templated":true}]}}