{"id":171,"date":"2016-02-24T14:13:30","date_gmt":"2016-02-24T14:13:30","guid":{"rendered":"http:\/\/vi.vinaconexec.com\/?page_id=171"},"modified":"2019-01-15T06:26:01","modified_gmt":"2019-01-15T06:26:01","slug":"cam-ket-chat-luong","status":"publish","type":"page","link":"https:\/\/vncnec.com.vn\/vi\/cam-ket-chat-luong\/","title":{"rendered":"Cam k\u1ebft ch\u1ea5t l\u01b0\u1ee3ng"},"content":{"rendered":"<p>K\u1ec3 t\u1eeb khi th\u00e0nh l\u1eadp, C\u00f4ng ty VNCN E&amp;C cam k\u1ebft v\u00e0 qu\u1ea3n tr\u1ecb t\u1ea5t c\u1ea3 c\u00e1c d\u1ef1 \u00e1n tu\u00e2n th\u1ee7 ti\u00eau chu\u1ea9n h\u1ec7 th\u1ed1ng qu\u1ea3n l\u00fd ch\u1ea5t l\u01b0\u1ee3ng ISO 9001-2008. T\u1eeb nh\u1eefng th\u00e0nh t\u1ef1u ban \u0111\u1ea7u, C\u00f4ng ty \u0111\u00e3 lu\u00f4n \u00e1p d\u1ee5ng c\u00f4ng ngh\u1ec7 hi\u1ec7n \u0111\u1ea1i, l\u00e0m ch\u1ee7 ngh\u1ec7 thu\u1eadt qu\u1ea3n l\u00fd, n\u00e2ng cao n\u0103ng xu\u1ea5t v\u00e0 ho\u00e0n thi\u1ec7n d\u1ecbch v\u1ee5 c\u1ee7a c\u00e1c c\u00f4ng t\u00e1c x\u00e2y l\u1eafp.<\/p>\n<p>VNCN E&amp;C \u00e1p d\u1ee5ng h\u1ec7 th\u1ed1ng qu\u1ea3n l\u00fd ch\u1ea5t l\u01b0\u1ee3ng \u0111\u1ec3 \u0111\u1ea3m b\u1ea3o s\u1ef1 c\u1ea3i ti\u1ebfn v\u00e0 qu\u1ea3n l\u00fd s\u1ef1 kh\u00f4ng ph\u00f9 h\u1ee3p. Ch\u00fang t\u00f4i th\u1ef1c hi\u1ec7n c\u00f4ng t\u00e1c \u0111\u00e1nh gi\u00e1 \u0111\u1ecbnh k\u1ef3 c\u00e1c quy tr\u00ecnh, c\u01a1 c\u1ea5u v\u00e0 bi\u1ec7n ph\u00e1p nh\u1eb1m \u0111\u1ea3m b\u1ea3o r\u1eb1ng c\u00e1c h\u1ec7 th\u1ed1ng n\u00e0y v\u1eabn c\u00f2n ph\u00f9 h\u1ee3p v\u00e0 hi\u1ec7u qu\u1ea3. C\u00f4ng t\u00e1c \u0111\u00e1nh gi\u00e1 n\u00e0y bao g\u1ed3m c\u00e1c ph\u1ea1m vi nh\u01b0 s\u1ef1 ph\u1ea3n h\u1ed3i c\u1ee7a kh\u00e1ch h\u00e0ng s\u1ebd \u0111\u01b0\u1ee3c b\u00e1o c\u00e1o l\u1ea1i v\u00e0 \u0111\u01b0\u1ee3c ghi nh\u1eadn trong h\u1ec7 th\u1ed1ng qu\u1ea3n l\u00fd ch\u1ea5t l\u01b0\u1ee3ng \u0111\u1ec3 li\u00ean t\u1ee5c \u0111\u01b0\u1ee3c c\u1ea3i thi\u1ec7n v\u00e0 l\u01b0u tr\u1eef v\u00ec m\u1ee5c \u0111\u00edch an to\u00e0n.<\/p>\n","protected":false},"excerpt":{"rendered":"<p>K\u1ec3 t\u1eeb khi th\u00e0nh l\u1eadp, C\u00f4ng ty VNCN E&amp;C cam k\u1ebft v\u00e0 qu\u1ea3n tr\u1ecb t\u1ea5t c\u1ea3 c\u00e1c d\u1ef1 \u00e1n tu\u00e2n th\u1ee7 ti\u00eau chu\u1ea9n h\u1ec7 th\u1ed1ng qu\u1ea3n l\u00fd ch\u1ea5t l\u01b0\u1ee3ng ISO 9001-2008. T\u1eeb nh\u1eefng th\u00e0nh t\u1ef1u ban \u0111\u1ea7u, C\u00f4ng ty \u0111\u00e3 lu\u00f4n \u00e1p d\u1ee5ng c\u00f4ng ngh\u1ec7 hi\u1ec7n \u0111\u1ea1i, l\u00e0m ch\u1ee7 ngh\u1ec7 thu\u1eadt qu\u1ea3n l\u00fd, n\u00e2ng cao [&hellip;]<\/p>\n","protected":false},"author":1,"featured_media":0,"parent":0,"menu_order":0,"comment_status":"closed","ping_status":"closed","template":"templates\/vechungtoi.php","meta":{"footnotes":""},"class_list":["post-171","page","type-page","status-publish","hentry"],"_links":{"self":[{"href":"https:\/\/vncnec.com.vn\/vi\/wp-json\/wp\/v2\/pages\/171","targetHints":{"allow":["GET"]}}],"collection":[{"href":"https:\/\/vncnec.com.vn\/vi\/wp-json\/wp\/v2\/pages"}],"about":[{"href":"https:\/\/vncnec.com.vn\/vi\/wp-json\/wp\/v2\/types\/page"}],"author":[{"embeddable":true,"href":"https:\/\/vncnec.com.vn\/vi\/wp-json\/wp\/v2\/users\/1"}],"replies":[{"embeddable":true,"href":"https:\/\/vncnec.com.vn\/vi\/wp-json\/wp\/v2\/comments?post=171"}],"version-history":[{"count":3,"href":"https:\/\/vncnec.com.vn\/vi\/wp-json\/wp\/v2\/pages\/171\/revisions"}],"predecessor-version":[{"id":1337,"href":"https:\/\/vncnec.com.vn\/vi\/wp-json\/wp\/v2\/pages\/171\/revisions\/1337"}],"wp:attachment":[{"href":"https:\/\/vncnec.com.vn\/vi\/wp-json\/wp\/v2\/media?parent=171"}],"curies":[{"name":"wp","href":"https:\/\/api.w.org\/{rel}","templated":true}]}}