{"id":169,"date":"2016-02-24T14:13:18","date_gmt":"2016-02-24T14:13:18","guid":{"rendered":"http:\/\/vi.vinaconexec.com\/?page_id=169"},"modified":"2016-03-01T06:33:55","modified_gmt":"2016-03-01T06:33:55","slug":"he-thong-quan-ly-tien-tien","status":"publish","type":"page","link":"https:\/\/vncnec.com.vn\/vi\/he-thong-quan-ly-tien-tien\/","title":{"rendered":"H\u1ec7 th\u1ed1ng qu\u1ea3n l\u00fd ti\u00ean ti\u1ebfn"},"content":{"rendered":"<p><strong>CH\u00cdNH S\u00c1CH AN TO\u00c0N \u2013 M\u00d4I TR\u01af\u1edcNG&amp; S\u1ee8C KH\u1eceE NGH\u1ec0 NGHI\u1ec6P<\/strong><\/p>\n<p>Gi\u00e1m \u0111\u1ed1c C\u00f4ng ty VINACONEX E&amp;C c\u00f4ng b\u1ed1 ch\u00ednh s\u00e1ch An to\u00e0n \u2013 M\u00f4i tr\u01b0\u1eddng v\u00e0 s\u1ee9c kh\u1ecfe ngh\u1ec1 nghi\u1ec7pl\u00e0 \u0111\u01b0\u1eddng l\u1ed1i t\u1ed5ng th\u1ec3 v\u00e0 nguy\u00ean t\u1eafc th\u1ef1c hi\u1ec7n c\u00e1c ho\u1ea1t \u0111\u1ed9ng v\u1ec1 An to\u00e0n \u2013 M\u00f4i tr\u01b0\u1eddng v\u00e0 s\u1ee9c kh\u1ecfe ngh\u1ec1 nghi\u1ec7p c\u1ee7a C\u00f4ng ty.<\/p>\n<p>Ch\u00ednh s\u00e1ch An to\u00e0n \u2013 M\u00f4i tr\u01b0\u1eddng v\u00e0 s\u1ee9c kh\u1ecfe ngh\u1ec1 nghi\u1ec7p (AT-MT&amp;SKNN) c\u1ee7a C\u00f4ng ty VINACONEX E&amp;C l\u00e0 ng\u0103n ng\u1eeba v\u00e0 ti\u1ebfn t\u1edbi \u0111\u1ea3m b\u1ea3o kh\u00f4ng c\u00f3 c\u00e1c thi\u1ec7t h\u1ea1i v\u1ec1 Con ng\u01b0\u1eddi, T\u00e0i s\u1ea3n v\u00e0 M\u00f4i tr\u01b0\u1eddng\u00a0 trong c\u00e1c ho\u1ea1t \u0111\u1ed9ng s\u1ea3n xu\u1ea5t v\u00e0 kinh doanh c\u1ee7a C\u00f4ng ty, h\u01b0\u1edbng t\u1edbi s\u1ef1 th\u1ecfa m\u00e3n nhu c\u1ea7u ng\u00e0y c\u00e0ng cao c\u1ee7a kh\u00e1ch h\u00e0ng.<\/p>\n<p>\u0110\u1ec3 \u0111\u1ea1t m\u1ee5c ti\u00eau tr\u00ean, VINACONEX E&amp;C cam k\u1ebft thi\u1ebft l\u1eadp v\u00e0 duy tr\u00ec H\u1ec7 th\u1ed1ng qu\u1ea3n l\u00fd An to\u00e0n \u2013 M\u00f4i tr\u01b0\u1eddng v\u00e0 s\u1ee9c kh\u1ecfe ngh\u1ec1 nghi\u1ec7p \u0111\u1ea3m b\u1ea3o:<\/p>\n<p>&#8211;\u00a0\u00a0\u00a0\u00a0\u00a0\u00a0\u00a0 Tu\u00e2n th\u1ee7 c\u00e1c quy \u0111\u1ecbnh c\u1ee7a lu\u1eadt ph\u00e1p v\u1ec1 b\u1ea3o v\u1ec7 m\u00f4i tr\u01b0\u1eddng, an to\u00e0n s\u1ee9c kh\u1ecfe ngh\u1ec1 nghi\u1ec7p v\u00e0 c\u00e1c y\u00eau c\u1ea7u kh\u00e1c c\u00f3 li\u00ean quan;<\/p>\n<p>&#8211; \u00a0 \u00a0 \u00a0\u00a0\u00a0\u0110\u00e1p \u1ee9ng c\u00e1c y\u00eau c\u1ea7u c\u1ee7a H\u1ec7 th\u1ed1ng qu\u1ea3n l\u00fd An to\u00e0n &#8211; M\u00f4i tr\u01b0\u1eddng v\u00e0 s\u1ee9c kh\u1ecfe ngh\u1ec1 nghi\u1ec7p theo c\u00e1c Ti\u00eau chu\u1ea9n OHSAS 18001:2007, ISO 14001:2004;<\/p>\n<p>&#8211;\u00a0\u00a0\u00a0\u00a0\u00a0\u00a0\u00a0 Kh\u00f4ng ng\u1eebng \u00e1p d\u1ee5ng khoa h\u1ecdc k\u1ef9 thu\u1eadt ti\u00ean ti\u1ebfn, ph\u00e1t huy s\u00e1ng ki\u1ebfn c\u1ea3i ti\u1ebfn k\u1ef9 thu\u1eadt, s\u1eed d\u1ee5ng ti\u1ebft ki\u1ec7m c\u00e1c ngu\u1ed3n t\u00e0i nguy\u00ean thi\u00ean nhi\u00ean, ng\u0103n ng\u1eeba \u00f4 nhi\u1ec5m m\u00f4i tr\u01b0\u1eddng, t\u1ea1o m\u00f4i tr\u01b0\u1eddng l\u00e0m vi\u1ec7c an to\u00e0n, ph\u00f2ng tr\u00e1nh m\u1ecdi r\u1ee7i ro v\u1ec1 an to\u00e0n, s\u1ee9c kh\u1ecfe ngh\u1ec1 nghi\u1ec7p cho c\u00e1n b\u1ed9 nh\u00e2n vi\u00ean v\u00e0 c\u00e1c b\u00ean li\u00ean quan;<\/p>\n<p>&#8211;\u00a0\u00a0\u00a0\u00a0\u00a0\u00a0 \u0110\u01b0\u1ee3c \u0111\u1ecbnh k\u1ef3 xem x\u00e9t v\u00e0 kh\u00f4ng ng\u1eebng c\u1ea3i ti\u1ebfn;<\/p>\n<p>M\u1ecdi t\u1eadp th\u1ec3 v\u00e0 c\u00e1 nh\u00e2n trong VINACONEX E&amp;C c\u00f3 tr\u00e1ch nhi\u1ec7m c\u00f9ng l\u00e3nh \u0111\u1ea1o c\u00e1c c\u1ea5p x\u00e2y d\u1ef1ng v\u00e0 duy tr\u00ec n\u1ec1n v\u0103n h\u00f3a An to\u00e0n \u2013 Ch\u1ea5t l\u01b0\u1ee3ng \u2013 Hi\u1ec7u qu\u1ea3 \u0111\u1ec3 th\u1ef1c hi\u1ec7n th\u00e0nh c\u00f4ng ch\u00ednh s\u00e1ch n\u00e0y.<\/p>\n<p><strong>GI\u1edaI THI\u1ec6U CHUNG V\u1ec0 H\u1ec6 TH\u1ed0NG QU\u1ea2N L\u00dd AT- MT &amp;SKNN<\/strong><\/p>\n<p>\u0110\u1ec3 th\u1ef1c hi\u1ec7n th\u00e0nh c\u00f4ng ch\u00ednh s\u00e1ch An to\u00e0n \u2013 M\u00f4i tr\u01b0\u1eddng v\u00e0 s\u1ee9c kh\u1ecfe ngh\u1ec1 nghi\u1ec7p, VINACONEX E&amp;C thi\u1ebft l\u1eadp v\u00e0 duy tr\u00ec h\u1ec7 th\u1ed1ng qu\u1ea3n l\u00fd An to\u00e0n \u2013 M\u00f4i tr\u01b0\u1eddng v\u00e0 s\u1ee9c kh\u1ecfe ngh\u1ec1 nghi\u1ec7p theo c\u00e1c ti\u00eau chu\u1ea9n OHSAS 18001: 2007, ISO 14001: 2004. \u0110\u00e2y l\u00e0 c\u00e1c ti\u00eau chu\u1ea9n \u0111\u01b0\u1ee3c \u00e1p d\u1ee5ng ph\u00f9 h\u1ee3p cho c\u00e1c t\u1ed5 ch\u1ee9c ho\u1ea1t \u0111\u1ed9ng trong l\u0129nh v\u1ef1c \u0111\u1ea7u t\u01b0, thi c\u00f4ng x\u00e2y l\u1eafp c\u00e1c c\u00f4ng tr\u00ecnh x\u00e2y d\u1ef1ng.<\/p>\n<p>H\u1ec7 th\u1ed1ng qu\u1ea3n l\u00fd An to\u00e0n \u2013 M\u00f4i tr\u01b0\u1eddng v\u00e0 s\u1ee9c kh\u1ecfe ngh\u1ec1 nghi\u1ec7p theo ti\u00eau chu\u1ea9n OHSAS 18001:2007 (Ch\u1ee9ng ch\u1ec9 s\u1ed1 VN1026-EC-SC), ISO 14001:2004 (Ch\u1ee9ng ch\u1ec9 s\u1ed1 VN1026-EC-SC) do TQCSIInternational (Group) Pty Ltd c\u1ea5p ng\u00e0y 22 th\u00e1ng 4 n\u0103m 2014 cho Qu\u1ea3n l\u00fd v\u00e0 x\u00e2y d\u1ef1ng c\u00e1c c\u00f4ng tr\u00ecnh x\u00e2y d\u1ef1ng d\u00e2n d\u1ee5ng v\u00e0 c\u00f4ng nghi\u1ec7p, c\u00e1c c\u00f4ng tr\u00ecnh h\u1ea1 t\u1ea7ng; \u0110\u1ea7u t\u01b0 b\u1ea5t \u0111\u1ed9ng s\u1ea3n; T\u01b0 v\u1ea5n qu\u1ea3n l\u00fd d\u1ef1 \u00e1n.<\/p>\n<p>Vi\u1ec7c \u00e1p d\u1ee5ng ti\u00eau chu\u1ea9n OHSAS 18001 v\u00e0 ISO 14001 th\u1ec3 hi\u1ec7n s\u1ef1 quan t\u00e2m c\u1ee7a VINACONEX E&amp;C \u0111\u1ebfn s\u1ee9c kh\u1ecfe v\u00e0 s\u1ef1 an to\u00e0n c\u1ee7a ng\u01b0\u1eddi lao \u0111\u1ed9ng c\u0169ng nh\u01b0 tr\u00e1ch nhi\u1ec7m \u0111\u1ed1i v\u1edbi c\u1ed9ng \u0111\u1ed3ng v\u1ec1 c\u00f4ng t\u00e1c b\u1ea3o v\u1ec7 m\u00f4i tr\u01b0\u1eddng.<\/p>\n<p><strong>TI\u00caU CHU\u1ea8N M\u1ee4C TI\u00caU C\u1ee6A <\/strong><strong>VINACONEX E&amp;C<\/strong><\/p>\n<p>OHSAS 18001:2007\u00a0\u00a0\u00a0\u00a0\u00a0\u00a0\u00a0\u00a0\u00a0 Nh\u1eadn di\u1ec7n c\u00e1c r\u1ee7i ro v\u1ec1 an to\u00e0n, s\u1ee9c kh\u1ecfe c\u1ee7a ng\u01b0\u1eddi lao \u0111\u1ed9ng v\u00e0 \u0111\u01b0a ra c\u00e1c bi\u1ec7n ph\u00e1p ki\u1ec3m so\u00e1t \u0111\u1ec3 \u0111\u1ea3m b\u1ea3o an to\u00e0n v\u00e0 s\u1ee9c kh\u1ecfe c\u1ee7a ng\u01b0\u1eddi lao \u0111\u1ed9ng c\u0169ng nh\u01b0 thi\u1ec7t h\u1ea1i v\u1ec1 t\u00e0i s\u1ea3n \u0111\u1ed3ng th\u1eddi tu\u00e2n th\u1ee7 lu\u1eadt ph\u00e1p v\u1ec1 an to\u00e0n v\u00e0 s\u1ee9c kh\u1ecfe ngh\u1ec1 nghi\u1ec7p.<\/p>\n<p>ISO 14001:2004\u00a0\u00a0\u00a0\u00a0 Nh\u1eadn di\u1ec7n c\u00e1c m\u1ed1i nguy v\u1ec1 m\u00f4i tr\u01b0\u1eddng trong qu\u00e1 tr\u00ecnh s\u1ea3n xu\u1ea5t kinh doanh v\u00e0 \u0111\u01b0a ra c\u00e1c bi\u1ec7n ph\u00e1p ki\u1ec3m so\u00e1t \u0111\u1ec3 \u0111\u1ea3m b\u1ea3o gi\u1ea3m thi\u1ec3u t\u00e1c \u0111\u1ed9ng m\u00f4i tr\u01b0\u1eddng \u0111\u1ed3ng th\u1eddi tu\u00e2n th\u1ee7 c\u00e1c lu\u1eadt ph\u00e1p v\u1ec1 b\u1ea3o v\u1ec7 m\u00f4i tr\u01b0\u1eddng.<\/p>\n<p><strong>C\u00c1C CH\u1ee8NG CH\u1ec8 AT \u2013 MT &amp;SKNN <\/strong><strong>VINACONEX E&amp;C<strong> \u0110\u00c3 \u0110\u1ea0T \u0110\u01af\u1ee2C<\/strong><\/strong><\/p>\n<p>VINACONEX E&amp;C nh\u1eadn th\u1ee9c \u0111\u01b0\u1ee3c r\u1eb1ng An to\u00e0n l\u00e0 v\u1ea5n \u0111\u1ec1 s\u1ed1ng c\u00f2n c\u1ee7a C\u00f4ng ty. V\u00ec v\u1eady, t\u1eeb n\u0103m 2014, VINACONEX E&amp;C \u00e1p d\u1ee5ng v\u00e0 x\u00e2y d\u1ef1ng h\u1ec7 th\u1ed1ng qu\u1ea3n l\u00fd An to\u00e0n \u2013 M\u00f4i tr\u01b0\u1eddng S\u1ee9c Kh\u1ecfe ngh\u1ec1 nghi\u1ec7p OHSAS 18001:2007 v\u00e0 ISO 14001:2004. T\u1eadp \u0111o\u00e0n TQCSI International (Group) Pty Ltdt\u1eadp \u0111o\u00e0n h\u00e0ng \u0111\u1ea7u c\u1ee7a Australia v\u1ec1 \u0111\u00e1nh gi\u00e1 ch\u1ee9ng nh\u1eadn c\u00e1c h\u1ec7 th\u1ed1ng qu\u1ea3n l\u00fd \u0111\u00e3 \u0111\u00e1nh gi\u00e1 ch\u1ee9ng nh\u1eadn, c\u1ea5p Ch\u1ee9ng ch\u1ec9 ph\u00f9 h\u1ee3p HTQLAT-MT&amp;SKNN theo ti\u00eau chu\u1ea9n qu\u1ed1c t\u1ebf OHSAS 18001:2007 v\u00e0 ISO 14001:2004.<\/p>\n<p>Nh\u1eadn th\u1ee9c \u0111\u01b0\u1ee3c v\u1ea5n \u0111\u1ec1 m\u00f4i tr\u01b0\u1eddng l\u00e0 v\u1ea5n \u0111\u1ec1 c\u1ee7a to\u00e0n x\u00e3 h\u1ed9i, VINACONEX E&amp;C \u0111\u00e3 tri\u1ec3n khai x\u00e2y d\u1ef1ng h\u1ec7 th\u1ed1ng qu\u1ea3n l\u00fd M\u00f4i tr\u01b0\u1eddng theo ti\u00eau chu\u1ea9n ISO 14001:2004 v\u1edbi m\u1ee5c ti\u00eau ki\u1ec3m so\u00e1t v\u00e0 gi\u1ea3m thi\u1ec3u c\u00e1c t\u00e1c \u0111\u1ed9ng m\u00f4i tr\u01b0\u1eddng trong qu\u00e1 tr\u00ecnh s\u1ea3n xu\u1ea5t kinh doanh, t\u1ea1o ti\u1ec1n \u0111\u1ec1 ph\u00e1t tri\u1ec3n b\u1ec1n v\u1eefng. H\u1ec7 th\u1ed1ng qu\u1ea3n l\u00fd m\u00f4i tr\u01b0\u1eddng theo ti\u00eau chu\u1ea9n ISO 14001:2004 \u0111\u01b0\u1ee3c t\u00edch h\u1ee3p v\u1edbi h\u1ec7 th\u1ed1ng qu\u1ea3n l\u00fd an to\u00e0n \u2013 s\u1ee9c kh\u1ecfe ngh\u1ec1 nghi\u1ec7p theo OHSAS 18001:2007 th\u00e0nh H\u1ec7 th\u1ed1ng qu\u1ea3n l\u00fd t\u00edch h\u1ee3p An to\u00e0n \u2013 M\u00f4i tr\u01b0\u1eddng &amp; s\u1ee9c kh\u1ecfe ngh\u1ec1 nghi\u1ec7p, c\u00f3 \u01b0u \u0111i\u1ec3m g\u1ecdn nh\u1eb9 v\u1ec1 m\u1eb7t h\u1ed3 s\u01a1 t\u00e0i li\u1ec7u v\u00e0 c\u0169ng d\u1ec5 d\u00e0ng \u00e1p d\u1ee5ng.<\/p>\n<p>Trong qu\u00ed II\/2014T\u1eadp \u0111o\u00e0n TQCSI International (Group) Pty Ltd \u0111\u00e3 \u0111\u00e1nh gi\u00e1 ch\u1ee9ng nh\u1eadn v\u00e0 c\u1ea5p ch\u1ee9ng ch\u1ec9 ph\u00f9 h\u1ee3p h\u1ec7 th\u1ed1ng qu\u1ea3n l\u00fd t\u00edch h\u1ee3p An to\u00e0n \u2013 M\u00f4i tr\u01b0\u1eddng &amp; s\u1ee9c kh\u1ecfe ngh\u1ec1 nghi\u1ec7p theo ti\u00eau chu\u1ea9n OHSAS 18001:2007 (Ch\u1ee9ng ch\u1ec9 s\u1ed1 VN1026-EC-SC) v\u00e0 ISO 14001:2004 (Ch\u1ee9ng ch\u1ec9 s\u1ed1 VN1026-EC-SC) cho Qu\u1ea3n l\u00fd v\u00e0 x\u00e2y d\u1ef1ng c\u00e1c c\u00f4ng tr\u00ecnh x\u00e2y d\u1ef1ng d\u00e2n d\u1ee5ng v\u00e0 c\u00f4ng nghi\u1ec7p, c\u00e1c c\u00f4ng tr\u00ecnh h\u1ea1 t\u1ea7ng; \u0110\u1ea7u t\u01b0 b\u1ea5t \u0111\u1ed9ng s\u1ea3n; T\u01b0 v\u1ea5n qu\u1ea3n l\u00fd d\u1ef1 \u00e1n; \u0110\u00e2y c\u0169ng l\u00e0 th\u00f4ng \u0111i\u1ec7p c\u1ee7a VINACONEX E&amp;C v\u1ec1 s\u1ef1 quan t\u00e2m \u0111\u1ebfn s\u1ef1 an to\u00e0n, s\u1ee9c kh\u1ecfe c\u1ee7a ng\u01b0\u1eddi lao \u0111\u1ed9ng c\u0169ng nh\u01b0 tr\u00e1ch nhi\u1ec7m \u0111\u1ed1i v\u1edbi c\u1ed9ng \u0111\u1ed3ng v\u1ec1 c\u00f4ng t\u00e1c b\u1ea3o v\u1ec7 m\u00f4i tr\u01b0\u1eddng, \u0111\u1ed3ng th\u1eddi h\u01b0\u1edbng t\u1edbi s\u1ef1 th\u1ecfa m\u00e3n nhu c\u1ea7u ng\u00e0y c\u00e0ng cao c\u1ee7a kh\u00e1ch h\u00e0ng v\u1ec1 ch\u1ea5t l\u01b0\u1ee3ng s\u1ea3n ph\u1ea9m, d\u1ecbch v\u1ee5 c\u1ee7a VINACONEX E&amp;C.<\/p>\n<p>&nbsp;<\/p>\n<p>&nbsp;<\/p>\n","protected":false},"excerpt":{"rendered":"<p>CH\u00cdNH S\u00c1CH AN TO\u00c0N \u2013 M\u00d4I TR\u01af\u1edcNG&amp; S\u1ee8C KH\u1eceE NGH\u1ec0 NGHI\u1ec6P Gi\u00e1m \u0111\u1ed1c C\u00f4ng ty VINACONEX E&amp;C c\u00f4ng b\u1ed1 ch\u00ednh s\u00e1ch An to\u00e0n \u2013 M\u00f4i tr\u01b0\u1eddng v\u00e0 s\u1ee9c kh\u1ecfe ngh\u1ec1 nghi\u1ec7pl\u00e0 \u0111\u01b0\u1eddng l\u1ed1i t\u1ed5ng th\u1ec3 v\u00e0 nguy\u00ean t\u1eafc th\u1ef1c hi\u1ec7n c\u00e1c ho\u1ea1t \u0111\u1ed9ng v\u1ec1 An to\u00e0n \u2013 M\u00f4i tr\u01b0\u1eddng v\u00e0 s\u1ee9c kh\u1ecfe ngh\u1ec1 nghi\u1ec7p c\u1ee7a [&hellip;]<\/p>\n","protected":false},"author":1,"featured_media":0,"parent":0,"menu_order":0,"comment_status":"closed","ping_status":"closed","template":"templates\/vechungtoi.php","meta":{"footnotes":""},"class_list":["post-169","page","type-page","status-publish","hentry"],"_links":{"self":[{"href":"https:\/\/vncnec.com.vn\/vi\/wp-json\/wp\/v2\/pages\/169","targetHints":{"allow":["GET"]}}],"collection":[{"href":"https:\/\/vncnec.com.vn\/vi\/wp-json\/wp\/v2\/pages"}],"about":[{"href":"https:\/\/vncnec.com.vn\/vi\/wp-json\/wp\/v2\/types\/page"}],"author":[{"embeddable":true,"href":"https:\/\/vncnec.com.vn\/vi\/wp-json\/wp\/v2\/users\/1"}],"replies":[{"embeddable":true,"href":"https:\/\/vncnec.com.vn\/vi\/wp-json\/wp\/v2\/comments?post=169"}],"version-history":[{"count":2,"href":"https:\/\/vncnec.com.vn\/vi\/wp-json\/wp\/v2\/pages\/169\/revisions"}],"predecessor-version":[{"id":712,"href":"https:\/\/vncnec.com.vn\/vi\/wp-json\/wp\/v2\/pages\/169\/revisions\/712"}],"wp:attachment":[{"href":"https:\/\/vncnec.com.vn\/vi\/wp-json\/wp\/v2\/media?parent=169"}],"curies":[{"name":"wp","href":"https:\/\/api.w.org\/{rel}","templated":true}]}}