{"id":161,"date":"2016-02-24T14:12:34","date_gmt":"2016-02-24T14:12:34","guid":{"rendered":"http:\/\/vi.vinaconexec.com\/?page_id=161"},"modified":"2019-01-15T04:47:21","modified_gmt":"2019-01-15T04:47:21","slug":"thu-ngo-tu-ceo","status":"publish","type":"page","link":"https:\/\/vncnec.com.vn\/vi\/thu-ngo-tu-ceo\/","title":{"rendered":"Th\u01b0 ng\u1ecf t\u1eeb CEO"},"content":{"rendered":"<p style=\"text-align: justify;\"><strong>K\u00ednh g\u1eedi c\u00e1c C\u00f4ng ty \u0111\u1ed1i t\u00e1c,<\/strong><br \/>\n<span style=\"color: #808080;\">Ch\u00fang ta ch\u00ednh l\u00e0 m\u1ed9t ph\u1ea7n c\u1ee7a ng\u00e0nh c\u00f4ng nghi\u1ec7p x\u00e2y d\u1ef1ng c\u00f3 truy\u1ec1n th\u1ed1ng l\u00e2u \u0111\u1eddi v\u00e0 \u0111\u00e1ng t\u1ef1 h\u00e0o. M\u1ed7i n\u0103m, ch\u00fang ta \u0111\u1ec1u ch\u1ee9ng ki\u1ebfn nhi\u1ec1u s\u00e1ng ch\u1ebf, c\u00f4ng ngh\u1ec7 m\u1edbi c\u1ee7a ng\u00e0nh \u0111\u01b0\u1ee3c ph\u00e1t minh, c\u0169ng th\u1ea5y r\u1eb1ng m\u1ed7i lo\u1ea1i c\u00f4ng ngh\u1ec7 x\u00e2y d\u1ef1ng \u0111\u1ec1u tr\u1ea3i qua qu\u00e1 tr\u00ecnh ph\u00e1t tri\u1ec3n r\u1ef1c r\u1ee1 r\u1ed3i th\u0103ng tr\u1ea7m v\u00e0 l\u1ea1c h\u1eadu. D\u01b0\u1eddng nh\u01b0 s\u1ef1 th\u1eed th\u00e1ch c\u1ee7a th\u1eddi gian \u0111\u00e3 ch\u1ee9ng t\u1ecf r\u1eb1ng t\u00ecnh b\u1eb1ng h\u1eefu, m\u1ed1i quan h\u1ec7 \u0111\u1ed1i t\u00e1c ch\u00e2n th\u00e0nh l\u00e0 s\u1ef1 l\u1ef1a ch\u1ecdn t\u1ed1i \u01b0u c\u1ee7a ch\u00fang t\u00f4i v\u00e0 c\u00e1c b\u1ea1n.<\/span><\/p>\n<p>&nbsp;<\/p>\n<p style=\"text-align: justify;\">C\u00f4ng ty <strong>VNCN E&amp;C<\/strong>, v\u1edbi v\u0103n h\u00f3a tr\u00e2n tr\u1ecdng c\u00e1c \u0111\u1ed1i t\u00e1c l\u00e2u d\u00e0i v\u00e0 \u0111\u00e1ng tin c\u1eady \u2013 ng\u01b0\u1eddi lao \u0111\u1ed9ng \u0111\u01b0\u1ee3c h\u01b0\u1edfng nhi\u1ec1u \u0111\u00e3i ng\u1ed9 &#8211; tinh th\u1ea7n h\u1ed7 tr\u1ee3 c\u1ed9ng \u0111\u1ed3ng, ph\u1ea3n \u00e1nh ni\u1ec1m tin v\u00e0 tri\u1ebft l\u00fd c\u00e1 nh\u00e2n c\u1ee7a Ban Gi\u00e1m \u0111\u1ed1c C\u00f4ng ty. \u0110\u00f3 l\u00e0 nh\u1eefng gi\u00e1 tr\u1ecb m\u00e0 t\u00f4i v\u00e0 \u0111\u1ed9i ng\u0169 qu\u1ea3n l\u00fd c\u1ee7a ch\u00fang t\u00f4i t\u00e2m huy\u1ebft v\u00e0 h\u01b0\u1edbng t\u1edbi m\u1ed7i ng\u00e0y.<\/p>\n<p>&nbsp;<\/p>\n<p style=\"text-align: justify;\">Trong m\u1ed9t th\u1ebf gi\u1edbi k\u1ebft n\u1ed1i nh\u01b0 ng\u00e0y nay, ch\u00fang t\u00f4i\u00a0 x\u00e1c \u0111\u1ecbnh r\u1eb1ng Kh\u00e1ch h\u00e0ng lu\u00f4n x\u1ee9ng \u0111\u00e1ng \u0111\u01b0\u1ee3c h\u01b0\u1edfng nh\u1eefng ti\u00eau chu\u1ea9n ch\u1ea5t l\u01b0\u1ee3ng cao nh\u1ea5t, v\u00e0 ch\u00fang t\u00f4i lu\u00f4n h\u00e0nh \u0111\u1ed9ng \u0111\u1ec3 \u0111\u01b0a gi\u00e1 tr\u1ecb n\u00e0y v\u01b0\u01a1n xa h\u01a1n n\u1eefa.<\/p>\n<p>&nbsp;<\/p>\n<p style=\"text-align: justify;\">Trong nh\u1eefng n\u0103m qua, c\u00f4ng ty ch\u00fang t\u00f4i \u0111\u00e3 ph\u00e1t tri\u1ec3n nhanh ch\u00f3ng, m\u1ed7i n\u0103m l\u1ea1i th\u00eam nhi\u1ec1u th\u00e0nh vi\u00ean m\u1edbi, v\u00e0 ch\u00fang t\u00f4i lu\u00f4n quan t\u00e2m t\u1edbi vi\u1ec7c c\u00e1c th\u00e0nh vi\u00ean m\u1edbi \u0111\u1ec1u hi\u1ec3u r\u00f5 nh\u1eefng gi\u00e1 tr\u1ecb n\u00e0y c\u1ee7a <strong>VNCN E&amp;C<\/strong>. Ch\u00fang t\u00f4i s\u1ebd lu\u00f4n c\u00f9ng nhau h\u01b0\u1edbng t\u1edbi s\u1ef1 \u0111\u1ed5i m\u1edbi, ti\u1ebfn b\u1ed9 v\u00e0 c\u00f4ng ngh\u1ec7, l\u00e0 nh\u1eefng nguy\u00ean t\u1eafc c\u01a1 b\u1ea3n \u0111\u1ec3 th\u1ecfa m\u00e3n nhu c\u1ea7u Kh\u00e1ch h\u00e0ng.<\/p>\n<p>&nbsp;<\/p>\n<p style=\"text-align: justify;\">Trong nh\u1eefng n\u0103m t\u1edbi \u0111\u00e2y, <strong>VNCN E&amp;C<\/strong> ti\u1ebfp t\u1ee5c \u0111\u1ea7u t\u01b0 cho s\u1ef1 ph\u00e1t tri\u1ec3n v\u00e0 t\u0103ng tr\u01b0\u1edfng b\u1ec1n v\u1eefng. Ch\u00fang t\u00f4i mong mu\u1ed1n \u0111\u01b0\u1ee3c \u0111\u00f3ng m\u1ed9t vai tr\u00f2 quan tr\u1ecdng trong qu\u00e1 tr\u00ecnh ph\u00e1t tri\u1ec3n c\u1ee7a ng\u00e0nh c\u00f4ng nghi\u1ec7p x\u00e2y d\u1ef1ng Vi\u1ec7t Nam, t\u1ea1o d\u1ef1ng danh ti\u1ebfng l\u00e0 m\u1ed9t nh\u00e0 th\u1ea7u x\u00e2y d\u1ef1ng n\u0103ng \u0111\u1ed9ng v\u00e0 \u0111a ng\u00e0nh ngh\u1ec1.<\/p>\n<p style=\"text-align: justify;\">Thay m\u1eb7t cho <strong>VNCN E&amp;C<\/strong>.<\/p>\n<p>&nbsp;<\/p>\n<p style=\"text-align: justify;\"><strong>Nguy\u1ec5n Tr\u00ed D\u0169ng<\/strong><br \/>\nGi\u00e1m \u0111\u1ed1c<\/p>\n<p>&nbsp;<\/p>\n","protected":false},"excerpt":{"rendered":"<p>K\u00ednh g\u1eedi c\u00e1c C\u00f4ng ty \u0111\u1ed1i t\u00e1c, Ch\u00fang ta ch\u00ednh l\u00e0 m\u1ed9t ph\u1ea7n c\u1ee7a ng\u00e0nh c\u00f4ng nghi\u1ec7p x\u00e2y d\u1ef1ng c\u00f3 truy\u1ec1n th\u1ed1ng l\u00e2u \u0111\u1eddi v\u00e0 \u0111\u00e1ng t\u1ef1 h\u00e0o. M\u1ed7i n\u0103m, ch\u00fang ta \u0111\u1ec1u ch\u1ee9ng ki\u1ebfn nhi\u1ec1u s\u00e1ng ch\u1ebf, c\u00f4ng ngh\u1ec7 m\u1edbi c\u1ee7a ng\u00e0nh \u0111\u01b0\u1ee3c ph\u00e1t minh, c\u0169ng th\u1ea5y r\u1eb1ng m\u1ed7i lo\u1ea1i c\u00f4ng ngh\u1ec7 x\u00e2y d\u1ef1ng [&hellip;]<\/p>\n","protected":false},"author":1,"featured_media":0,"parent":0,"menu_order":0,"comment_status":"closed","ping_status":"closed","template":"templates\/vechungtoi.php","meta":{"footnotes":""},"class_list":["post-161","page","type-page","status-publish","hentry"],"_links":{"self":[{"href":"https:\/\/vncnec.com.vn\/vi\/wp-json\/wp\/v2\/pages\/161","targetHints":{"allow":["GET"]}}],"collection":[{"href":"https:\/\/vncnec.com.vn\/vi\/wp-json\/wp\/v2\/pages"}],"about":[{"href":"https:\/\/vncnec.com.vn\/vi\/wp-json\/wp\/v2\/types\/page"}],"author":[{"embeddable":true,"href":"https:\/\/vncnec.com.vn\/vi\/wp-json\/wp\/v2\/users\/1"}],"replies":[{"embeddable":true,"href":"https:\/\/vncnec.com.vn\/vi\/wp-json\/wp\/v2\/comments?post=161"}],"version-history":[{"count":20,"href":"https:\/\/vncnec.com.vn\/vi\/wp-json\/wp\/v2\/pages\/161\/revisions"}],"predecessor-version":[{"id":1335,"href":"https:\/\/vncnec.com.vn\/vi\/wp-json\/wp\/v2\/pages\/161\/revisions\/1335"}],"wp:attachment":[{"href":"https:\/\/vncnec.com.vn\/vi\/wp-json\/wp\/v2\/media?parent=161"}],"curies":[{"name":"wp","href":"https:\/\/api.w.org\/{rel}","templated":true}]}}