{"id":159,"date":"2016-02-24T14:12:24","date_gmt":"2016-02-24T14:12:24","guid":{"rendered":"http:\/\/vi.vinaconexec.com\/?page_id=159"},"modified":"2019-01-15T04:28:12","modified_gmt":"2019-01-15T04:28:12","slug":"lich-su-hinh-thanh","status":"publish","type":"page","link":"https:\/\/vncnec.com.vn\/vi\/lich-su-hinh-thanh\/","title":{"rendered":"L\u1ecbch s\u1eed h\u00ecnh th\u00e0nh"},"content":{"rendered":"<p><strong>Kh\u1edfi ngu\u1ed3n<\/strong><\/p>\n<p>C\u00f4ng ty C\u1ed5 ph\u1ea7n \u0110\u1ea7u t\u01b0 X\u00e2y d\u1ef1ng v\u00e0 K\u1ef9 thu\u1eadt VNCN E&amp;C, ti\u1ec1n th\u00e2n l\u00e0 ph\u00f2ng T\u01b0 v\u1ea5n \u0111\u1ea7u th\u1ea7u v\u00e0 qu\u1ea3n l\u00fd d\u1ef1 \u00e1n, tr\u1ef1c thu\u1ed9c T\u1ed5ng c\u00f4ng ty Vinaconex, c\u00f3 ch\u1ee9c n\u0103ng v\u00e0 nhi\u1ec7m v\u1ee5 ch\u00ednh l\u00e0 t\u01b0 v\u1ea5n, tham m\u01b0u cho L\u00e3nh \u0111\u1ea1o T\u1ed5ng c\u00f4ng ty v\u1ec1 c\u00e1c d\u1ef1 \u00e1n \u0111\u1ea7u t\u01b0, x\u00e2y d\u1ef1ng m\u00e0 T\u1ed5ng c\u00f4ng ty tri\u1ec3n khai.<\/p>\n<p>Nh\u1eb1m ph\u00e1t huy nh\u1eefng th\u00e0nh c\u00f4ng c\u1ee7a m\u00f4 h\u00ecnh n\u00e0y T\u1ed5ng c\u00f4ng ty \u0111\u00e3 quy\u1ebft \u0111\u1ecbnh th\u00e0nh l\u1eadp Ph\u00f2ng r\u1ed3i ti\u1ebfp \u0111\u00f3 l\u00e0 Trung t\u00e2m \u0110\u1ea5u th\u1ea7u v\u00e0 qu\u1ea3n l\u00fd d\u1ef1 \u00e1n I v\u00e0 II v\u1edbi nhi\u1ec7m v\u1ee5 l\u00e0 tri\u1ec3n khai \u0111\u1ea5u th\u1ea7u v\u00e0 qu\u1ea3n l\u00fd c\u00e1c d\u1ef1 \u00e1n l\u1edbn m\u00e0 T\u1ed5ng c\u00f4ng ty tham gia, h\u1ed7 tr\u1ee3 k\u1ef9 thu\u1eadt v\u00e0 t\u01b0 v\u1ea5n cho c\u00e1c C\u00f4ng ty th\u00e0nh vi\u00ean c\u1ee7a T\u1ed5ng C\u00f4ng ty VINACONEX trong qu\u00e1 tr\u00ecnh \u0111\u1ea5u th\u1ea7u v\u00e0 tri\u1ec3n khai d\u1ef1 \u00e1n.<\/p>\n<p><strong>2003<\/strong><\/p>\n<p>Trung t\u00e2m \u0110\u1ea5u th\u1ea7u v\u00e0 Qu\u1ea3n l\u00fd D\u1ef1 \u00e1n \u0111\u01b0\u1ee3c th\u00e0nh l\u1eadp tr\u00ean c\u01a1 s\u1edf s\u00e1t nh\u1eadp Trung t\u00e2m \u0110\u1ea5u th\u1ea7u v\u00e0 qu\u1ea3n l\u00fd d\u1ef1 \u00e1n I v\u00e0 II, t\u1eadp trung v\u00e0o c\u00f4ng t\u00e1c qu\u1ea3n l\u00fd \u0111\u1ea5u th\u1ea7u, cung c\u1ea5p c\u00e1c d\u1ecbch v\u1ee5 nh\u00e0 th\u1ea7u x\u00e2y d\u1ef1ng chuy\u00ean nghi\u1ec7p, d\u1ecbch v\u1ee5 qu\u1ea3n l\u00fd d\u1ef1 \u00e1n k\u1ec3 t\u1eeb khi kh\u1edfi \u0111\u1ea7u cho \u0111\u1ebfn khi k\u1ebft th\u00fac d\u1ef1 \u00e1n cho kh\u00e1ch h\u00e0ng d\u01b0\u1edbi th\u01b0\u01a1ng hi\u1ec7u VINACONEX.<\/p>\n<p><strong>2007<\/strong><\/p>\n<p>Ph\u00f9 h\u1ee3p v\u1edbi xu th\u1ebf ph\u00e1t tri\u1ec3n v\u00e0 \u0111a d\u1ea1ng h\u00f3a c\u00e1c lo\u1ea1i h\u00ecnh ho\u1ea1t \u0111\u1ed9ng c\u1ee7a T\u1ed5ng C\u00f4ng ty c\u0169ng nh\u01b0 v\u1edbi m\u1ee5c ti\u00eau chuy\u1ec3n \u0111\u1ed5i m\u00f4 h\u00ecnh ho\u1ea1t \u0111\u1ed9ng c\u1ee7a Trung t\u00e2m, VINACONEX E&amp;C \u0111\u01b0\u1ee3c th\u00e0nh l\u1eadp theo m\u00f4 h\u00ecnh c\u00f4ng ty c\u1ed5 ph\u1ea7n, \u0111\u1ea3m nh\u1eadn vi\u1ec7c thi c\u00f4ng v\u00e0 qu\u1ea3n l\u00fd c\u00e1c d\u1ef1 \u00e1n c\u00f3 quy m\u00f4 l\u1edbn nh\u01b0 Nh\u00e0 m\u00e1y xi m\u0103ng Nghi S\u01a1n, T\u00f2a nh\u00e0 Vinaconex, Nh\u00e0 \u1edf cho C\u00f4ng nh\u00e2n t\u1ea1i Kim Chung, D\u1ef1 \u00e1n C\u1ea7u Gi\u1ebd-Ninh B\u00ecnh\u2026<\/p>\n<p><strong>2012<\/strong><\/p>\n<p>VINACONEX E&amp;C tr\u1edf th\u00e0nh c\u00f4ng ty c\u1ed5 ph\u1ea7n t\u01b0 nh\u00e2n ho\u00e0n to\u00e0n, \u0111\u00e1p \u1ee9ng m\u1ee5c ti\u00eau t\u0103ng tr\u01b0\u1edfng v\u00e0 m\u1edf r\u1ed9ng trong giai \u0111o\u1ea1n ph\u00e1t tri\u1ec3n m\u1edbi sau khi T\u1ed5ng C\u00f4ng ty CP VINACONEX ho\u00e0n th\u00e0nh vi\u1ec7c tho\u00e1i to\u00e0n b\u1ed9 v\u1ed1n \u0111\u1ea7u t\u01b0 t\u1ea1i c\u00f4ng ty v\u00e0o cu\u1ed1i n\u0103m 2012.<\/p>\n<p>C\u0169ng trong giai \u0111o\u1ea1n n\u00e0y VINACONEX E&amp;C ti\u1ebfp t\u1ee5c m\u1edf r\u1ed9ng v\u00e0 kh\u1eb3ng \u0111\u1ecbnh v\u1ecb tr\u00ed l\u00e0 m\u1ed9t c\u00f4ng ty h\u00e0ng \u0111\u1ea7u v\u00e0 c\u00f3 uy t\u00edn trong l\u0129nh v\u1ef1c x\u00e2y d\u1ef1ng qua vi\u1ec7c tr\u00fang th\u1ea7u v\u00e0 tri\u1ec3n khai thi c\u00f4ng m\u1ed9t lo\u1ea1t c\u00e1c d\u1ef1 \u00e1n l\u1edbn \u1edf kh\u1eafp c\u00e1c mi\u1ec1n B\u1eafc, Trung, Nam nh\u01b0 G\u00f3i th\u1ea7u CW1B-C\u1ea7u Cao L\u00e3nh, G\u00f3i th\u1ea7u A1, G\u00f3i th\u1ea7u A3 v\u00e0 G\u00f3i th\u1ea7u J1, D\u1ef1 \u00e1n x\u00e2y d\u1ef1ng \u0111\u01b0\u1eddng cao t\u1ed1c B\u1ebfn L\u1ee9c \u2013 Long Th\u00e0nh, D\u1ef1 \u00e1n C\u1ea7u Nh\u1eadt T\u00e2n, g\u00f3i th\u1ea7u s\u1ed1 6 D\u1ef1 \u00e1n x\u00e2y d\u1ef1ng \u0111\u01b0\u1eddng cao t\u1ed1c B\u1eafc Nam\u2026<\/p>\n<p><strong>2019<\/strong><\/p>\n<p>\u0110\u1ed5i t\u00ean th\u00e0nh C\u00f4ng ty C\u1ed5 ph\u1ea7n \u0110\u1ea7u t\u01b0 X\u00e2y d\u1ef1ng v\u00e0 K\u1ef9 thu\u1eadt VNCN E&amp;C<\/p>\n","protected":false},"excerpt":{"rendered":"<p>Kh\u1edfi ngu\u1ed3n C\u00f4ng ty C\u1ed5 ph\u1ea7n \u0110\u1ea7u t\u01b0 X\u00e2y d\u1ef1ng v\u00e0 K\u1ef9 thu\u1eadt VNCN E&amp;C, ti\u1ec1n th\u00e2n l\u00e0 ph\u00f2ng T\u01b0 v\u1ea5n \u0111\u1ea7u th\u1ea7u v\u00e0 qu\u1ea3n l\u00fd d\u1ef1 \u00e1n, tr\u1ef1c thu\u1ed9c T\u1ed5ng c\u00f4ng ty Vinaconex, c\u00f3 ch\u1ee9c n\u0103ng v\u00e0 nhi\u1ec7m v\u1ee5 ch\u00ednh l\u00e0 t\u01b0 v\u1ea5n, tham m\u01b0u cho L\u00e3nh \u0111\u1ea1o T\u1ed5ng c\u00f4ng ty v\u1ec1 c\u00e1c d\u1ef1 [&hellip;]<\/p>\n","protected":false},"author":1,"featured_media":0,"parent":0,"menu_order":0,"comment_status":"closed","ping_status":"closed","template":"templates\/vechungtoi.php","meta":{"footnotes":""},"class_list":["post-159","page","type-page","status-publish","hentry"],"_links":{"self":[{"href":"https:\/\/vncnec.com.vn\/vi\/wp-json\/wp\/v2\/pages\/159","targetHints":{"allow":["GET"]}}],"collection":[{"href":"https:\/\/vncnec.com.vn\/vi\/wp-json\/wp\/v2\/pages"}],"about":[{"href":"https:\/\/vncnec.com.vn\/vi\/wp-json\/wp\/v2\/types\/page"}],"author":[{"embeddable":true,"href":"https:\/\/vncnec.com.vn\/vi\/wp-json\/wp\/v2\/users\/1"}],"replies":[{"embeddable":true,"href":"https:\/\/vncnec.com.vn\/vi\/wp-json\/wp\/v2\/comments?post=159"}],"version-history":[{"count":5,"href":"https:\/\/vncnec.com.vn\/vi\/wp-json\/wp\/v2\/pages\/159\/revisions"}],"predecessor-version":[{"id":1328,"href":"https:\/\/vncnec.com.vn\/vi\/wp-json\/wp\/v2\/pages\/159\/revisions\/1328"}],"wp:attachment":[{"href":"https:\/\/vncnec.com.vn\/vi\/wp-json\/wp\/v2\/media?parent=159"}],"curies":[{"name":"wp","href":"https:\/\/api.w.org\/{rel}","templated":true}]}}