{"id":157,"date":"2016-02-24T14:12:09","date_gmt":"2016-02-24T14:12:09","guid":{"rendered":"http:\/\/vi.vinaconexec.com\/?page_id=157"},"modified":"2019-01-16T06:19:27","modified_gmt":"2019-01-16T06:19:27","slug":"gioi-thieu-cong-ty","status":"publish","type":"page","link":"https:\/\/vncnec.com.vn\/vi\/gioi-thieu-cong-ty\/","title":{"rendered":"Gi\u1edbi thi\u1ec7u c\u00f4ng ty"},"content":{"rendered":"<p>T\u00ean vi\u1ebft t\u1eaft c\u1ee7a C\u00f4ng ty ch\u00fang t\u00f4i \u2018<strong>VNCN E&amp;C\u2019<\/strong> xu\u1ea5t ph\u00e1t t\u1eeb hai t\u1eeb ti\u1ebfng Anh l\u00e0 <strong>K\u1ef9 thu\u1eadt<\/strong> (ENGINEEERING) v\u00e0 <strong>X\u00e2y d\u1ef1ng<\/strong> (CONSTRUCTION), nh\u1eefng nh\u00e2n t\u1ed1 c\u01a1 b\u1ea3n \u0111\u1ed1i v\u1edbi s\u1ef1 t\u0103ng tr\u01b0\u1edfng v\u00e0 ph\u00e1t tri\u1ec3n c\u1ee7a b\u1ea5t k\u1ef3 n\u1ec1n kinh t\u1ebf, x\u00e3 h\u1ed9i hi\u1ec7n \u0111\u1ea1i n\u00e0o.<\/p>\n<p>VNCN E&amp;C l\u00e0 m\u1ed9t c\u00f4ng ty chuy\u00ean v\u1ec1 x\u00e2y d\u1ef1ng, cung c\u1ea5p nhi\u1ec1u lo\u1ea1i h\u00ecnh d\u1ecbch v\u1ee5 nh\u00e0 th\u1ea7u x\u00e2y d\u1ef1ng: T\u1eeb qu\u1ea3n l\u00fd d\u1ef1 \u00e1n \u0111\u1ebfn \u0111\u1ea5u th\u1ea7u, thi c\u00f4ng, chuy\u1ec3n giao c\u00f4ng ngh\u1ec7 \u2026 nh\u1eb1m tr\u1ee3 gi\u00fap hay th\u1ef1c hi\u1ec7n c\u00e1c giai \u0111o\u1ea1n c\u1ee7a d\u1ef1 \u00e1n, k\u1ec3 t\u1eeb khi chu\u1ea9n b\u1ecb cho \u0111\u1ebfn khi k\u1ebft th\u00fac d\u1ef1 \u00e1n cho kh\u00e1ch h\u00e0ng. Hi\u1ec7n t\u1ea1i VNCN E&amp;C \u0111ang c\u1ed9ng t\u00e1c v\u1edbi r\u1ea5t nhi\u1ec1u kh\u00e1ch h\u00e0ng l\u1edbn trong ng\u00e0nh x\u00e2y d\u1ef1ng, giao th\u00f4ng v\u1eadn t\u1ea3i \u2013 c\u00e1c Ch\u1ee7 \u0111\u1ea7u t\u01b0 t\u01b0 nh\u00e2n ho\u1eb7c ban ng\u00e0nh nh\u00e0 n\u01b0\u1edbc trong c\u00e1c d\u1ef1 \u00e1n c\u00f3 quy m\u00f4 kh\u00e1c nhau. C\u00e1c d\u1ef1 \u00e1n c\u00f4ng bao g\u1ed3m vi\u1ec7c x\u00e2y d\u1ef1ng c\u1ea7u, \u0111\u01b0\u1eddng, \u0111\u01b0\u1eddng cao t\u1ed1c, \u0111\u00ea, \u0111\u1eadp, h\u1ea1 t\u1ea7ng k\u1ef9 thu\u1eadt \u2026.. C\u00e1c d\u1ef1 \u00e1n t\u01b0 nh\u00e2n bao g\u1ed3m vi\u1ec7c th\u1ef1c hi\u1ec7n c\u00f4ng tr\u00ecnh ng\u1ea7m, x\u00e2y d\u1ef1ng d\u00e2n d\u1ee5ng, nh\u00e0 cao t\u1ea7ng, nh\u00e0 m\u00e1y c\u00f4ng nghi\u1ec7p, trung t\u00e2m th\u01b0\u01a1ng m\u1ea1i, khu c\u00f4ng nghi\u1ec7p, khu \u0111\u00f4 th\u1ecb &#8230; C\u00e1c d\u1ecbch v\u1ee5 VNCN E&amp;C cung c\u1ea5p r\u1ea5t \u0111a d\u1ea1ng, t\u1eeb quy ho\u1ea1ch, kh\u1ea3o s\u00e1t, thi\u1ebft k\u1ebf, x\u00e2y d\u1ef1ng, qu\u1ea3n l\u00fd d\u1ef1 \u00e1n, chuy\u1ec3n giao c\u00f4ng ngh\u1ec7 \u2026<\/p>\n<p>K\u1ec3 t\u1eeb khi th\u00e0nh l\u1eadp, VNCN E&amp;C \u0111\u00e3 \u0111i\u1ec1u h\u00e0nh, qu\u1ea3n l\u00fd v\u00e0 ho\u00e0n thi\u1ec7n d\u1ef1 \u00e1n theo h\u1ec7 th\u1ed1ng ch\u1ea5t l\u01b0\u1ee3ng ISO 9001-2000. Khi th\u1ef1c hi\u1ec7n d\u1ef1 \u00e1n, v\u1ea5n \u0111\u1ec1 ch\u1ea5t l\u01b0\u1ee3ng, an to\u00e0n, ho\u00e0n th\u00e0nh \u0111\u00fang ti\u1ebfn \u0111\u1ed9, \u0111\u00fang ng\u00e2n s\u00e1ch c\u1ee7a m\u1ed7i d\u1ef1 \u00e1n c\u0169ng nh\u01b0 vi\u1ec7c t\u1ed1i \u0111a h\u00f3a l\u1ee3i \u00edch c\u1ee7a kh\u00e1ch h\u00e0ng lu\u00f4n l\u00e0 m\u1ed1i quan t\u00e2m h\u00e0ng \u0111\u1ea7u c\u1ee7a Ch\u00fang t\u00f4i. Nh\u1eefng th\u00e0nh qu\u1ea3 \u0111\u1ea7u ti\u00ean thu \u0111\u01b0\u1ee3c c\u0169ng nh\u1edd vi\u1ec7c \u00e1p d\u1ee5ng c\u00f4ng ngh\u1ec7, tr\u00ecnh \u0111\u1ed9 qu\u1ea3n l\u00fd ti\u00ean ti\u1ebfn, hi\u1ec7n \u0111\u1ea1i nh\u1eb1m th\u00fac \u0111\u1ea9y s\u1ea3n xu\u1ea5t v\u00e0 ho\u00e0n thi\u1ec7n c\u00e1c quy tr\u00ecnh x\u00e2y l\u1eafp. Uy t\u00edn c\u1ee7a VNCN E&amp;C c\u0169ng \u0111\u00e3 d\u1ea7n \u0111\u01b0\u1ee3c kh\u1eb3ng \u0111\u1ecbnh t\u1eeb nh\u1eefng th\u00e0nh c\u00f4ng c\u1ee7a c\u00e1c d\u1ef1 \u00e1n \u0111\u00e3 v\u00e0 \u0111ang th\u1ef1c hi\u1ec7n, c\u00f9ng v\u1edbi c\u00e1c gi\u00e1 tr\u1ecb ri\u00eang bi\u1ec7t cho m\u1ed7i c\u00f4ng tr\u00ecnh. Ch\u00fang t\u00f4i lu\u00f4n mong mu\u1ed1n ti\u1ebfn xa n\u1eefa tr\u00ean con \u0111\u01b0\u1eddng ph\u00e1t tri\u1ec3n \u0111\u1ec3 \u0111\u00e1p \u1ee9ng t\u1ed1t h\u01a1n nhu c\u1ea7u c\u1ee7a kh\u00e1ch h\u00e0ng.<\/p>\n<p>Nh\u00e2n s\u1ef1 c\u1ee7a ch\u00fang t\u00f4i bao g\u1ed3m c\u00e1c k\u1ef9 s\u01b0, chuy\u00ean vi\u00ean, c\u00f4ng tr\u00ecnh s\u01b0, ki\u1ebfn tr\u00fac s\u01b0, chuy\u00ean gia. C\u00e1ch th\u1ee9c ho\u1ea1t \u0111\u1ed9ng v\u00e0 qu\u1ea3n l\u00fd theo nh\u00f3m c\u00f9ng kinh nghi\u1ec7m s\u00e2u r\u1ed9ng c\u1ee7a ch\u00fang t\u00f4i \u0111\u1ea3m b\u1ea3o cho c\u00e1c d\u1ef1 \u00e1n lu\u00f4n \u0111\u01b0\u1ee3c v\u1eadn h\u00e0nh \u0111\u00fang h\u01b0\u1edbng. Ch\u00fang t\u00f4i li\u00ean t\u1ee5c th\u00fac \u0111\u1ea9y c\u1ea3i ti\u1ebfn, \u0111\u1ea3m b\u1ea3o t\u00ednh tuy\u1ec7t \u0111\u1ed1i, n\u00e2ng cao k\u1ef9 n\u0103ng, \u0111\u1ea9y m\u1ea1nh v\u0103n h\u00f3a\u00a0 doanh nghi\u1ec7p, \u0111\u1ec3 \u0111\u1ea3m b\u1ea3o m\u1ed7i th\u00e0nh vi\u00ean c\u00f4ng ty \u0111\u1ec1u \u0111\u00f3ng vai tr\u00f2 quan tr\u1ecdng trong c\u00e1c d\u1ef1 \u00e1n tri\u1ec3n khai. VNCN E&amp;C lu\u00f4n trao quy\u1ec1n cho c\u00e1c nh\u00f3m d\u1ef1 \u00e1n \u0111\u1ec3 \u0111\u1ea3m b\u1ea3o t\u00ednh ti\u00ean phong v\u00e0 hi\u1ec7u qu\u1ea3 nh\u1ea5t trong c\u00f4ng vi\u1ec7c c\u0169ng nh\u01b0 \u0111\u1ea1t t\u1edbi k\u1ebft qu\u1ea3 l\u1edbn nh\u1ea5t cho Kh\u00e1ch h\u00e0ng.<\/p>\n<p>Trong nh\u1eefng n\u0103m t\u1edbi, VNCN E&amp;C ti\u1ebfp t\u1ee5c \u0111\u1ea7u t\u01b0 \u0111\u1ec3 m\u1edf r\u1ed9ng v\u00e0 ph\u00e1t tri\u1ec3n b\u1ec1n v\u1eefng. Ch\u00fang t\u00f4i th\u1ef1c s\u1ef1 mong mu\u1ed1n \u0111\u00f3ng m\u1ed9t vai tr\u00f2 \u0111\u00e1ng k\u1ec3 trong qu\u00e1 tr\u00ecnh ph\u00e1t tri\u1ec3n c\u1ee7a ng\u00e0nh X\u00e2y d\u1ef1ng Vi\u1ec7t Nam, t\u1ea1o l\u1eadp uy t\u00edn l\u00e0 m\u1ed9t trong nh\u1eefng nh\u00e0 th\u1ea7u x\u00e2y d\u1ef1ng n\u0103ng \u0111\u1ed9ng v\u00e0 to\u00e0n di\u1ec7n\u00a0 nh\u1ea5t.<\/p>\n","protected":false},"excerpt":{"rendered":"<p>T\u00ean vi\u1ebft t\u1eaft c\u1ee7a C\u00f4ng ty ch\u00fang t\u00f4i \u2018VNCN E&amp;C\u2019 xu\u1ea5t ph\u00e1t t\u1eeb hai t\u1eeb ti\u1ebfng Anh l\u00e0 K\u1ef9 thu\u1eadt (ENGINEEERING) v\u00e0 X\u00e2y d\u1ef1ng (CONSTRUCTION), nh\u1eefng nh\u00e2n t\u1ed1 c\u01a1 b\u1ea3n \u0111\u1ed1i v\u1edbi s\u1ef1 t\u0103ng tr\u01b0\u1edfng v\u00e0 ph\u00e1t tri\u1ec3n c\u1ee7a b\u1ea5t k\u1ef3 n\u1ec1n kinh t\u1ebf, x\u00e3 h\u1ed9i hi\u1ec7n \u0111\u1ea1i n\u00e0o. VNCN E&amp;C l\u00e0 m\u1ed9t c\u00f4ng ty [&hellip;]<\/p>\n","protected":false},"author":1,"featured_media":0,"parent":0,"menu_order":0,"comment_status":"closed","ping_status":"closed","template":"templates\/vechungtoi.php","meta":{"footnotes":""},"class_list":["post-157","page","type-page","status-publish","hentry"],"_links":{"self":[{"href":"https:\/\/vncnec.com.vn\/vi\/wp-json\/wp\/v2\/pages\/157","targetHints":{"allow":["GET"]}}],"collection":[{"href":"https:\/\/vncnec.com.vn\/vi\/wp-json\/wp\/v2\/pages"}],"about":[{"href":"https:\/\/vncnec.com.vn\/vi\/wp-json\/wp\/v2\/types\/page"}],"author":[{"embeddable":true,"href":"https:\/\/vncnec.com.vn\/vi\/wp-json\/wp\/v2\/users\/1"}],"replies":[{"embeddable":true,"href":"https:\/\/vncnec.com.vn\/vi\/wp-json\/wp\/v2\/comments?post=157"}],"version-history":[{"count":2,"href":"https:\/\/vncnec.com.vn\/vi\/wp-json\/wp\/v2\/pages\/157\/revisions"}],"predecessor-version":[{"id":1365,"href":"https:\/\/vncnec.com.vn\/vi\/wp-json\/wp\/v2\/pages\/157\/revisions\/1365"}],"wp:attachment":[{"href":"https:\/\/vncnec.com.vn\/vi\/wp-json\/wp\/v2\/media?parent=157"}],"curies":[{"name":"wp","href":"https:\/\/api.w.org\/{rel}","templated":true}]}}